{"id":1631,"date":"2023-07-20T13:48:36","date_gmt":"2023-07-20T13:48:36","guid":{"rendered":"https:\/\/oilprofit.dev\/podminky-pouziti\/"},"modified":"2023-10-23T11:46:48","modified_gmt":"2023-10-23T11:46:48","slug":"podminky-pouziti","status":"publish","type":"page","link":"https:\/\/oilprofit.dev\/cs\/podminky-pouziti\/","title":{"rendered":"Podm\u00ednky pou\u017eit\u00ed"},"content":{"rendered":"<h3>1. \u00davod<\/h3>\n<p><strong>1.1<\/strong> V\u00edtejte na str\u00e1nk\u00e1ch immediateedgeapp.org (&#8222;Webov\u00e9 str\u00e1nky&#8220;). V p\u0159\u00edpad\u011b jak\u00fdchkoli dotaz\u016f n\u00e1s m\u016f\u017eete kontaktovat na <a href=\"mailto:support@immediateedgeapp.org\">adrese support@immediateedgeapp.org<\/a>.<\/p>\n<p><strong>1.2<\/strong> Na\u0161e webov\u00e9 str\u00e1nky poskytuj\u00ed p\u0159ehled o r\u016fzn\u00fdch obchodn\u00edch platform\u00e1ch (&#8222;obchodn\u00ed platformy&#8220;) nab\u00edzen\u00fdch t\u0159et\u00edmi stranami a souvisej\u00edc\u00edch slu\u017eb\u00e1ch (&#8222;slu\u017eby&#8220;).<\/p>\n<p><strong>1.3<\/strong> N\u00e1sleduj\u00edc\u00ed smluvn\u00ed podm\u00ednky (d\u00e1le jen &#8222;podm\u00ednky&#8220;) ur\u010duj\u00ed va\u0161e (d\u00e1le jen &#8222;vy&#8220;, &#8222;v\u00e1\u0161&#8220; nebo &#8222;u\u017eivatel&#8220;) pou\u017e\u00edv\u00e1n\u00ed na\u0161ich webov\u00fdch str\u00e1nek a slu\u017eeb. Pe\u010dliv\u011b si prostudujte tyto podm\u00ednky. P\u0159\u00edstupem na na\u0161e webov\u00e9 str\u00e1nky a slu\u017eby nebo jejich pou\u017e\u00edv\u00e1n\u00edm vyjad\u0159ujete souhlas s t\u011bmito podm\u00ednkami. Pokud nesouhlas\u00edte s jakoukoli \u010d\u00e1st\u00ed t\u011bchto podm\u00ednek, nepou\u017e\u00edvejte na\u0161e webov\u00e9 str\u00e1nky a slu\u017eby.<\/p>\n<p><strong>1.4<\/strong> Na\u0161e z\u00e1sady ochrany osobn\u00edch \u00fadaj\u016f jsou ned\u00edlnou sou\u010d\u00e1st\u00ed t\u011bchto podm\u00ednek. P\u0159ijet\u00ed t\u011bchto Podm\u00ednek znamen\u00e1, \u017ee souhlas\u00edte s na\u0161imi <a href=\"https:\/\/oilprofit.dev\/cs\/zasady-ochrany-osobnich-udaju\/\">Z\u00e1sadami ochrany osobn\u00edch \u00fadaj\u016f<\/a>.<\/p>\n<h3>2. Opr\u00e1vn\u011bnost u\u017eivatel\u016f<\/h3>\n<p><strong>2.1<\/strong> P\u0159\u00edstup k Webov\u00fdm str\u00e1nk\u00e1m a slu\u017eb\u00e1m je mo\u017en\u00fd, pokud:<\/p>\n<p><strong>2.1.1<\/strong> Jsou star\u0161\u00ed 18 let;<\/p>\n<p><strong>2.1.2<\/strong> m\u00edt z\u00e1konn\u00e9 pr\u00e1vo, opr\u00e1vn\u011bn\u00ed a schopnost p\u0159ijmout a dodr\u017eovat tyto podm\u00ednky;<\/p>\n<p><strong>2.1.3<\/strong> Nem\u00e1te pr\u00e1vn\u00ed z\u00e1kaz pou\u017e\u00edvat na\u0161e webov\u00e9 str\u00e1nky a slu\u017eby podle m\u00edstn\u00ed jurisdikce.<\/p>\n<h3>3. Omezen\u00ed p\u0159\u00edstupu<\/h3>\n<p><strong>3.1<\/strong> Ur\u010dit\u00e9 oblasti nebo u\u017eivatel\u00e9 mohou m\u00edt omezen\u00fd p\u0159\u00edstup k na\u0161im webov\u00fdm str\u00e1nk\u00e1m a slu\u017eb\u00e1m, pokud to pova\u017eujeme za nezbytn\u00e9 z d\u016fvod\u016f souvisej\u00edc\u00edch s pr\u00e1vn\u00edmi p\u0159edpisy nebo \u0159\u00edzen\u00edm rizik.<\/p>\n<p><strong>3.2<\/strong> Na u\u017eivatele z ur\u010dit\u00fdch zem\u00ed se mohou vztahovat dal\u0161\u00ed po\u017eadavky nebo podm\u00ednky. Pokud se nach\u00e1z\u00edte na n\u011bkter\u00e9m z \u00fazem\u00ed s omezen\u00fdm p\u0159\u00edstupem, na\u0161e webov\u00e9 str\u00e1nky a slu\u017eby nemus\u00ed b\u00fdt p\u0159\u00edstupn\u00e9 nebo mohou b\u00fdt zablokov\u00e1ny.<\/p>\n<h3>4. Zak\u00e1zan\u00e9 akce<\/h3>\n<p><strong>4.1<\/strong> P\u0159i pou\u017e\u00edv\u00e1n\u00ed na\u0161ich webov\u00fdch str\u00e1nek a slu\u017eeb se zdr\u017ete \u010dinnost\u00ed, kter\u00e9:<\/p>\n<p><strong>4.1<\/strong>.1 Poru\u0161ovat jak\u00e1koli pr\u00e1va, v\u010detn\u011b pr\u00e1v du\u0161evn\u00edho vlastnictv\u00ed, pr\u00e1v na ochranu soukrom\u00ed nebo jin\u00fdch pr\u00e1v;<\/p>\n<p><strong>4.1.2<\/strong> Obsahovat \u0161kodliv\u00fd, ur\u00e1\u017eliv\u00fd, hanliv\u00fd, rasistick\u00fd nebo nevhodn\u00fd obsah;<\/p>\n<p><strong>4.1.3<\/strong> Obsahuj\u00ed \u0161kodliv\u00fd software nebo viry;<\/p>\n<p><strong>4.1.4<\/strong> Poru\u0161ovat z\u00e1kony;<\/p>\n<p><strong>4.1.5<\/strong> Zasahovat do pou\u017e\u00edv\u00e1n\u00ed Webov\u00fdch str\u00e1nek nebo Slu\u017eeb jin\u00fdmi U\u017eivateli.<\/p>\n<h3>5. Pr\u00e1va du\u0161evn\u00edho vlastnictv\u00ed<\/h3>\n<p><strong>5.1<\/strong> Ve\u0161ker\u00fd obsah na\u0161ich webov\u00fdch str\u00e1nek, jako je text, grafika, loga a software, je na\u0161\u00edm majetkem nebo majetkem na\u0161ich poskytovatel\u016f licence a je chr\u00e1n\u011bn z\u00e1kony o du\u0161evn\u00edm vlastnictv\u00ed.<\/p>\n<p><strong>5.2<\/strong> Pou\u017e\u00edv\u00e1n\u00ed na\u0161ich webov\u00fdch str\u00e1nek a slu\u017eeb v\u00e1m nezaru\u010duje \u017e\u00e1dn\u00e1 pr\u00e1va t\u00fdkaj\u00edc\u00ed se na\u0161ich pr\u00e1v du\u0161evn\u00edho vlastnictv\u00ed nebo pr\u00e1v t\u0159et\u00edch stran.<\/p>\n<h3>6. Omezen\u00ed odpov\u011bdnosti<\/h3>\n<p><strong>6.1<\/strong> Webov\u00e9 str\u00e1nky a slu\u017eby jsou nab\u00edzeny &#8222;tak, jak jsou&#8220; a &#8222;tak, jak jsou k dispozici&#8220;. Neposkytujeme \u017e\u00e1dn\u00e9 z\u00e1ruky, v\u00fdslovn\u00e9 ani implicitn\u00ed, ohledn\u011b p\u0159esnosti, spolehlivosti, vhodnosti nebo dostupnosti webov\u00fdch str\u00e1nek, slu\u017eeb nebo souvisej\u00edc\u00ed grafiky uveden\u00e9 na webov\u00fdch str\u00e1nk\u00e1ch.<\/p>\n<p><strong>6.2<\/strong> Neneseme odpov\u011bdnost za \u017e\u00e1dn\u00e9 ztr\u00e1ty nebo \u0161kody, mimo jin\u00e9 v\u010detn\u011b nep\u0159\u00edm\u00fdch nebo n\u00e1sledn\u00fdch ztr\u00e1t nebo \u0161kod, kter\u00e9 vznikly v d\u016fsledku pou\u017e\u00edv\u00e1n\u00ed na\u0161ich webov\u00fdch str\u00e1nek nebo slu\u017eeb nebo v souvislosti s nimi.<\/p>\n<h3>7. Slu\u017eby nebo obsah t\u0159et\u00edch stran<\/h3>\n<p><strong>7.1<\/strong> Na\u0161e slu\u017eby mohou zahrnovat obsah nebo slu\u017eby poskytovan\u00e9 t\u0159et\u00edmi stranami. Takov\u00fd obsah ani slu\u017eby nekontrolujeme, neschvalujeme ani za n\u011b nep\u0159eb\u00edr\u00e1me odpov\u011bdnost.<\/p>\n<h3>8. Odkazy na extern\u00ed webov\u00e9 str\u00e1nky<\/h3>\n<p><strong>8.1<\/strong> Na\u0161e webov\u00e9 str\u00e1nky mohou obsahovat odkazy na webov\u00e9 str\u00e1nky t\u0159et\u00edch stran. Tyto odkazy nab\u00edz\u00edme pro va\u0161e pohodl\u00ed. Nad obsahem t\u011bchto webov\u00fdch str\u00e1nek nebo zdroj\u016f nem\u00e1me \u017e\u00e1dnou kontrolu a neneseme za n\u011bj \u017e\u00e1dnou odpov\u011bdnost.<\/p>\n<h3>9. Zm\u011bny t\u011bchto podm\u00ednek<\/h3>\n<p><strong>9.1<\/strong> Vyhrazujeme si pr\u00e1vo tyto podm\u00ednky kdykoli zm\u011bnit. O v\u0161ech zm\u011bn\u00e1ch v\u00e1s budeme informovat zve\u0159ejn\u011bn\u00edm aktualizovan\u00fdch podm\u00ednek na t\u00e9to str\u00e1nce.<\/p>\n<p><strong>9.2<\/strong> Doporu\u010dujeme, abyste pravideln\u011b kontrolovali tyto podm\u00ednky a zji\u0161\u0165ovali jejich p\u0159\u00edpadn\u00e9 zm\u011bny. Zm\u011bny t\u011bchto podm\u00ednek nab\u00fdvaj\u00ed \u00fa\u010dinnosti jejich zve\u0159ejn\u011bn\u00edm na t\u00e9to str\u00e1nce.<\/p>\n<h3>10. Ukon\u010den\u00ed<\/h3>\n<p><strong>10.1<\/strong> Vyhrazujeme si pr\u00e1vo okam\u017eit\u011b ukon\u010dit nebo pozastavit v\u00e1\u0161 p\u0159\u00edstup k na\u0161im Webov\u00fdm str\u00e1nk\u00e1m a slu\u017eb\u00e1m, a to bez p\u0159edchoz\u00edho upozorn\u011bn\u00ed nebo odpov\u011bdnosti, z jak\u00e9hokoli d\u016fvodu, mimo jin\u00e9 v\u010detn\u011b poru\u0161en\u00ed t\u011bchto Podm\u00ednek.<\/p>\n<h3>11. Rozhodn\u00e9 pr\u00e1vo a soudn\u00ed p\u0159\u00edslu\u0161nost<\/h3>\n<p><strong>11.1<\/strong> Tyto podm\u00ednky se vykl\u00e1daj\u00ed a \u0159\u00edd\u00ed z\u00e1kony jurisdikce, ve kter\u00e9 na\u0161e spole\u010dnost p\u016fsob\u00ed, bez ohledu na kolizn\u00ed ustanoven\u00ed.<\/p>\n<p><strong>11.2<\/strong> Souhlas\u00edte s v\u00fdlu\u010dnou p\u0159\u00edslu\u0161nost\u00ed soud\u016f v r\u00e1mci jurisdikce na\u0161\u00ed spole\u010dnosti pro \u0159e\u0161en\u00ed jak\u00fdchkoli spor\u016f vypl\u00fdvaj\u00edc\u00edch z t\u011bchto Podm\u00ednek nebo Webov\u00fdch str\u00e1nek \u010di Slu\u017eeb.<\/p>\n<h3>12. Kontaktn\u00ed informace<\/h3>\n<p><strong>12.1<\/strong> Pokud m\u00e1te jak\u00e9koli dotazy t\u00fdkaj\u00edc\u00ed se t\u011bchto podm\u00ednek, obra\u0165te se na n\u00e1s na <a href=\"mailto:support@immediateedgeapp.org\">adrese support@immediateedgeapp.org<\/a>.<\/p>\n","protected":false},"excerpt":{"rendered":"<p>1. \u00davod 1.1 V\u00edtejte na str\u00e1nk\u00e1ch immediateedgeapp.org (&#8222;Webov\u00e9 str\u00e1nky&#8220;). V p\u0159\u00edpad\u011b jak\u00fdchkoli dotaz\u016f n\u00e1s m\u016f\u017eete kontaktovat na adrese support@immediateedgeapp.org. 1.2 Na\u0161e webov\u00e9 str\u00e1nky poskytuj\u00ed p\u0159ehled o r\u016fzn\u00fdch obchodn\u00edch platform\u00e1ch (&#8222;obchodn\u00ed platformy&#8220;) nab\u00edzen\u00fdch t\u0159et\u00edmi stranami a souvisej\u00edc\u00edch slu\u017eb\u00e1ch (&#8222;slu\u017eby&#8220;). 1.3 N\u00e1sleduj\u00edc\u00ed smluvn\u00ed podm\u00ednky (d\u00e1le jen &#8222;podm\u00ednky&#8220;) ur\u010duj\u00ed va\u0161e (d\u00e1le jen &#8222;vy&#8220;, &#8222;v\u00e1\u0161&#8220; nebo &#8222;u\u017eivatel&#8220;) pou\u017e\u00edv\u00e1n\u00ed na\u0161ich<a href=\"https:\/\/oilprofit.dev\/cs\/podminky-pouziti\/\">Continue reading <span class=\"sr-only\">&#8222;Podm\u00ednky pou\u017eit\u00ed&#8220;<\/span><\/a><\/p>\n","protected":false},"author":12,"featured_media":0,"parent":0,"menu_order":0,"comment_status":"closed","ping_status":"closed","template":"","meta":{"footnotes":""},"class_list":["post-1631","page","type-page","status-publish","hentry"],"acf":[],"_links":{"self":[{"href":"https:\/\/oilprofit.dev\/cs\/wp-json\/wp\/v2\/pages\/1631","targetHints":{"allow":["GET"]}}],"collection":[{"href":"https:\/\/oilprofit.dev\/cs\/wp-json\/wp\/v2\/pages"}],"about":[{"href":"https:\/\/oilprofit.dev\/cs\/wp-json\/wp\/v2\/types\/page"}],"author":[{"embeddable":true,"href":"https:\/\/oilprofit.dev\/cs\/wp-json\/wp\/v2\/users\/12"}],"replies":[{"embeddable":true,"href":"https:\/\/oilprofit.dev\/cs\/wp-json\/wp\/v2\/comments?post=1631"}],"version-history":[{"count":1,"href":"https:\/\/oilprofit.dev\/cs\/wp-json\/wp\/v2\/pages\/1631\/revisions"}],"predecessor-version":[{"id":2358,"href":"https:\/\/oilprofit.dev\/cs\/wp-json\/wp\/v2\/pages\/1631\/revisions\/2358"}],"wp:attachment":[{"href":"https:\/\/oilprofit.dev\/cs\/wp-json\/wp\/v2\/media?parent=1631"}],"curies":[{"name":"wp","href":"https:\/\/api.w.org\/{rel}","templated":true}]}}