{"id":1635,"date":"2023-07-20T13:48:36","date_gmt":"2023-07-20T13:48:36","guid":{"rendered":"https:\/\/oilprofit.dev\/vilkaar-for-brug\/"},"modified":"2023-10-23T11:46:49","modified_gmt":"2023-10-23T11:46:49","slug":"vilkaar-for-brug","status":"publish","type":"page","link":"https:\/\/oilprofit.dev\/da\/vilkaar-for-brug\/","title":{"rendered":"Vilk\u00e5r for brug"},"content":{"rendered":"<h3>1. Indledning<\/h3>\n<p><strong>1.1<\/strong> Velkommen til immediateedgeapp.org (&#8220;hjemmesiden&#8221;). Du kan kontakte os p\u00e5 <a href=\"mailto:support@immediateedgeapp.org\">support@immediateedgeapp.org<\/a>, hvis du har sp\u00f8rgsm\u00e5l.<\/p>\n<p><strong>1.2<\/strong> Vores hjemmeside giver indsigt i forskellige handelsplatforme (&#8220;handelsplatforme&#8221;), der tilbydes af tredjeparter, og relaterede tjenester (&#8220;tjenesterne&#8221;).<\/p>\n<p><strong>1.3<\/strong> De efterf\u00f8lgende vilk\u00e5r og betingelser (&#8220;vilk\u00e5r&#8221;) dikterer din (&#8220;du&#8221;, &#8220;din&#8221; eller &#8220;bruger&#8221;) brug af vores websted og tjenester. L\u00e6s venligst disse betingelser grundigt igennem. Ved at tilg\u00e5 eller bruge vores hjemmeside og tjenester accepterer du disse vilk\u00e5r. Hvis du ikke er enig i nogen del af disse vilk\u00e5r, bedes du undlade at bruge vores websted og tjenester.<\/p>\n<p><strong>1.4<\/strong> Vores privatlivspolitik er en integreret del af disse vilk\u00e5r. Accept af disse vilk\u00e5r indeb\u00e6rer din accept af vores <a href=\"https:\/\/oilprofit.dev\/da\/privatlivspolitik\/\">privatlivspolitik<\/a>.<\/p>\n<h3>2. Brugernes berettigelse<\/h3>\n<p><strong>2.1<\/strong> Du kan f\u00e5 adgang til hjemmesiden og tjenesterne, hvis du:<\/p>\n<p><strong>2.1.1<\/strong> Er 18 \u00e5r eller \u00e6ldre;<\/p>\n<p><strong>2.1.2<\/strong> Har den juridiske ret, myndighed og evne til at acceptere og overholde disse vilk\u00e5r;<\/p>\n<p><strong>2.1.3<\/strong> Ikke er juridisk forhindret i at bruge vores hjemmeside og tjenester under din lokale jurisdiktion.<\/p>\n<h3>3. Begr\u00e6nsninger i adgang<\/h3>\n<p><strong>3.1<\/strong> Visse omr\u00e5der eller brugere kan have begr\u00e6nset adgang til vores hjemmeside og tjenester, hvis vi anser det for n\u00f8dvendigt af juridiske, lovgivningsm\u00e6ssige eller risikostyringsm\u00e6ssige \u00e5rsager.<\/p>\n<p><strong>3.2<\/strong> Brugere fra bestemte lande kan v\u00e6re underlagt yderligere krav eller betingelser. Hvis du befinder dig i et af omr\u00e5derne med begr\u00e6nset adgang, er vores hjemmeside og tjenester muligvis ikke tilg\u00e6ngelige eller kan v\u00e6re blokeret.<\/p>\n<h3>4. Forbudte handlinger<\/h3>\n<p><strong>4.1<\/strong> N\u00e5r du bruger vores websted og tjenester, skal du afholde dig fra handlinger, der:<\/p>\n<p><strong>4.1.1<\/strong> Kr\u00e6nke nogen rettigheder, herunder intellektuelle ejendomsrettigheder, privatlivsrettigheder eller andre rettigheder;<\/p>\n<p><strong>4.1.2<\/strong> Indeholde skadeligt, st\u00f8dende, \u00e6rekr\u00e6nkende, racistisk eller upassende indhold;<\/p>\n<p><strong>4.1.3<\/strong> Indeholde skadelig software eller virus;<\/p>\n<p><strong>4.1.4<\/strong> Bryde nogen love;<\/p>\n<p><strong>4.1.5<\/strong> Forstyrre andre brugeres brug af hjemmesiden eller tjenesterne.<\/p>\n<h3>5. Intellektuelle ejendomsrettigheder<\/h3>\n<p><strong>5.1<\/strong> Alt indhold p\u00e5 vores hjemmeside, s\u00e5som tekst, grafik, logoer og software, er vores ejendom eller tilh\u00f8rer vores licensgivere og er beskyttet af love om intellektuel ejendomsret.<\/p>\n<p><strong>5.2<\/strong> Brug af vores hjemmeside og tjenester giver dig ikke nogen rettigheder vedr\u00f8rende vores eller tredjeparters intellektuelle ejendomsrettigheder.<\/p>\n<h3>6. Ansvarsbegr\u00e6nsning<\/h3>\n<p><strong>6.1<\/strong> Hjemmesiden og tjenesterne tilbydes p\u00e5 en &#8220;som de er&#8221; og &#8220;som tilg\u00e6ngelige&#8221; basis. Vi giver ingen garantier, hverken eksplicitte eller implicitte, om pr\u00e6cisionen, p\u00e5lideligheden, egnetheden eller tilg\u00e6ngeligheden af hjemmesiden, tjenesterne eller relateret grafik p\u00e5 hjemmesiden.<\/p>\n<p><strong>6.2<\/strong> Vi kan ikke holdes ansvarlige for tab eller skader, herunder, uden begr\u00e6nsning, indirekte tab eller f\u00f8lgeskader, der skyldes eller er relateret til brugen af vores hjemmeside eller tjenester.<\/p>\n<h3>7. Tredjepartstjenester eller -indhold<\/h3>\n<p><strong>7.1<\/strong> Vores tjenester kan omfatte indhold eller tjenester leveret af tredjeparter. Vi hverken kontrollerer, godkender eller tager ansvar for s\u00e5dant indhold eller s\u00e5danne tjenester.<\/p>\n<h3>8. Links til eksterne hjemmesider<\/h3>\n<p><strong>8.1<\/strong> Vores hjemmeside kan have links til tredjeparts hjemmesider. Disse links tilbydes for din bekvemmelighed. Vi har ingen kontrol over og p\u00e5tager os intet ansvar for indholdet af disse hjemmesider eller ressourcer.<\/p>\n<h3>9. \u00c6ndringer af disse vilk\u00e5r<\/h3>\n<p><strong>9.1<\/strong> Vi forbeholder os ret til at \u00e6ndre disse vilk\u00e5r til enhver tid. Vi giver dig besked om eventuelle \u00e6ndringer ved at offentligg\u00f8re de opdaterede vilk\u00e5r p\u00e5 denne side.<\/p>\n<p><strong>9.2<\/strong> Det anbefales, at du med j\u00e6vne mellemrum gennemg\u00e5r disse vilk\u00e5r for eventuelle \u00e6ndringer. \u00c6ndringerne i disse vilk\u00e5r tr\u00e6der i kraft, n\u00e5r de offentligg\u00f8res p\u00e5 denne side.<\/p>\n<h3>10. Afslutning<\/h3>\n<p><strong>10.1<\/strong> Vi forbeholder os ret til at opsige eller suspendere din adgang til vores hjemmeside og tjenester med det samme, uden forudg\u00e5ende varsel eller ansvar, uanset \u00e5rsag, herunder, uden begr\u00e6nsning, en overtr\u00e6delse af disse vilk\u00e5r.<\/p>\n<h3>11. G\u00e6ldende lov og jurisdiktion<\/h3>\n<p><strong>11.1<\/strong> Disse vilk\u00e5r vil blive fortolket og reguleret af lovgivningen i den jurisdiktion, hvor vores virksomhed opererer, uden hensyntagen til dens lovkonfliktbestemmelser.<\/p>\n<p><strong>11.2<\/strong> Du accepterer den eksklusive jurisdiktion for de domstole, der ligger inden for vores virksomheds jurisdiktion, til l\u00f8sning af eventuelle tvister, der opst\u00e5r fra disse vilk\u00e5r eller hjemmesiden eller tjenesterne.<\/p>\n<h3>12. Kontaktoplysninger<\/h3>\n<p><strong>12.1<\/strong> Hvis du har sp\u00f8rgsm\u00e5l til disse vilk\u00e5r, bedes du kontakte os p\u00e5 <a href=\"mailto:support@immediateedgeapp.org\">support@immediateedgeapp.org<\/a>.<\/p>\n","protected":false},"excerpt":{"rendered":"<p>1. Indledning 1.1 Velkommen til immediateedgeapp.org (&#8220;hjemmesiden&#8221;). Du kan kontakte os p\u00e5 support@immediateedgeapp.org, hvis du har sp\u00f8rgsm\u00e5l. 1.2 Vores hjemmeside giver indsigt i forskellige handelsplatforme (&#8220;handelsplatforme&#8221;), der tilbydes af tredjeparter, og relaterede tjenester (&#8220;tjenesterne&#8221;). 1.3 De efterf\u00f8lgende vilk\u00e5r og betingelser (&#8220;vilk\u00e5r&#8221;) dikterer din (&#8220;du&#8221;, &#8220;din&#8221; eller &#8220;bruger&#8221;) brug af vores websted og tjenester. L\u00e6s venligst<a href=\"https:\/\/oilprofit.dev\/da\/vilkaar-for-brug\/\">Continue reading <span class=\"sr-only\">&#8220;Vilk\u00e5r for brug&#8221;<\/span><\/a><\/p>\n","protected":false},"author":12,"featured_media":0,"parent":0,"menu_order":0,"comment_status":"closed","ping_status":"closed","template":"","meta":{"footnotes":""},"class_list":["post-1635","page","type-page","status-publish","hentry"],"acf":[],"_links":{"self":[{"href":"https:\/\/oilprofit.dev\/da\/wp-json\/wp\/v2\/pages\/1635","targetHints":{"allow":["GET"]}}],"collection":[{"href":"https:\/\/oilprofit.dev\/da\/wp-json\/wp\/v2\/pages"}],"about":[{"href":"https:\/\/oilprofit.dev\/da\/wp-json\/wp\/v2\/types\/page"}],"author":[{"embeddable":true,"href":"https:\/\/oilprofit.dev\/da\/wp-json\/wp\/v2\/users\/12"}],"replies":[{"embeddable":true,"href":"https:\/\/oilprofit.dev\/da\/wp-json\/wp\/v2\/comments?post=1635"}],"version-history":[{"count":1,"href":"https:\/\/oilprofit.dev\/da\/wp-json\/wp\/v2\/pages\/1635\/revisions"}],"predecessor-version":[{"id":2361,"href":"https:\/\/oilprofit.dev\/da\/wp-json\/wp\/v2\/pages\/1635\/revisions\/2361"}],"wp:attachment":[{"href":"https:\/\/oilprofit.dev\/da\/wp-json\/wp\/v2\/media?parent=1635"}],"curies":[{"name":"wp","href":"https:\/\/api.w.org\/{rel}","templated":true}]}}