{"id":1647,"date":"2023-07-20T13:48:36","date_gmt":"2023-07-20T13:48:36","guid":{"rendered":"https:\/\/oilprofit.dev\/nutzungsbedingungen\/"},"modified":"2023-10-23T11:46:50","modified_gmt":"2023-10-23T11:46:50","slug":"nutzungsbedingungen","status":"publish","type":"page","link":"https:\/\/oilprofit.dev\/de\/nutzungsbedingungen\/","title":{"rendered":"Nutzungsbedingungen"},"content":{"rendered":"<h3>1. Einleitung<\/h3>\n<p><strong>1.1<\/strong> Willkommen bei immediateedgeapp.org (die &#8222;Website&#8220;). Sie k\u00f6nnen uns unter <a href=\"mailto:support@immediateedgeapp.org\">support@immediateedgeapp.org<\/a> erreichen, wenn Sie Fragen haben.<\/p>\n<p><strong>1.2<\/strong> Unsere Website bietet Einblicke in verschiedene von Dritten angebotene Handelsplattformen (Handelsplattformen&#8220;) und damit verbundene Dienstleistungen (die Dienstleistungen&#8220;).<\/p>\n<p><strong>1.3<\/strong> Die folgenden Allgemeinen Gesch\u00e4ftsbedingungen (&#8222;Bedingungen&#8220;) regeln Ihre (&#8222;Sie&#8220;, &#8222;Ihr&#8220; oder &#8222;Nutzer&#8220;) Nutzung unserer Website und Dienste. Bitte lesen Sie diese Bedingungen sorgf\u00e4ltig durch. Durch den Zugriff auf unsere Website und unsere Dienstleistungen erkl\u00e4ren Sie sich mit diesen Bedingungen einverstanden. Wenn Sie mit irgendeinem Teil dieser Bedingungen nicht einverstanden sind, nutzen Sie unsere Website und Dienste bitte nicht.<\/p>\n<p><strong>1.4<\/strong> Unsere Datenschutzrichtlinie ist ein wesentlicher Bestandteil dieser Bedingungen. Mit der Annahme dieser Bedingungen erkl\u00e4ren Sie sich mit unserer <a href=\"https:\/\/oilprofit.dev\/privacy-policy\/\">Datenschutzrichtlinie<\/a> einverstanden und stimmen ihr zu.<\/p>\n<h3>2. Benutzerberechtigung<\/h3>\n<p><strong>2.1<\/strong> Sie k\u00f6nnen auf die Website und die Dienste zugreifen, wenn Sie:<\/p>\n<p><strong>2.1.1<\/strong> Sie sind 18 Jahre alt oder \u00e4lter;<\/p>\n<p><strong>2.1.2<\/strong> Sie haben das Recht, die Befugnis und die F\u00e4higkeit, diese Bedingungen zu akzeptieren und einzuhalten;<\/p>\n<p><strong>2.1.3<\/strong> Sie sind nicht gesetzlich daran gehindert, unsere Website und unsere Dienste unter Ihrer \u00f6rtlichen Gerichtsbarkeit zu nutzen.<\/p>\n<h3>3. Zugangsbeschr\u00e4nkungen<\/h3>\n<p><strong>3.1<\/strong> Bestimmte Bereiche oder Nutzer k\u00f6nnen einen eingeschr\u00e4nkten Zugang zu unserer Website und unseren Diensten haben, wenn wir dies aus rechtlichen oder regulatorischen Gr\u00fcnden oder aus Gr\u00fcnden des Risikomanagements f\u00fcr notwendig erachten.<\/p>\n<p><strong>3.2<\/strong> F\u00fcr Nutzer aus bestimmten L\u00e4ndern k\u00f6nnen zus\u00e4tzliche Anforderungen oder Bedingungen gelten. Wenn Sie sich in einem der Gebiete mit eingeschr\u00e4nktem Zugang befinden, k\u00f6nnen unsere Website und unsere Dienste m\u00f6glicherweise nicht zug\u00e4nglich sein oder blockiert werden.<\/p>\n<h3>4. Verbotene Handlungen<\/h3>\n<p><strong>4.1<\/strong> Unterlassen Sie bei der Nutzung unserer Website und Dienste Handlungen, die:<\/p>\n<p><strong>4.1.1<\/strong> Verletzung von Rechten, einschlie\u00dflich Rechten an geistigem Eigentum, Datenschutzrechten oder anderen Rechten;<\/p>\n<p><strong>4.1.2<\/strong> sch\u00e4dliche, beleidigende, verleumderische, rassistische oder unangemessene Inhalte enthalten;<\/p>\n<p><strong>4.1.3<\/strong> Sie enthalten sch\u00e4dliche Software oder Viren;<\/p>\n<p><strong>4.1.4<\/strong> Gegen Gesetze versto\u00dfen;<\/p>\n<p><strong>4.1.5<\/strong> die Nutzung der Website oder der Dienste durch andere Nutzer zu beeintr\u00e4chtigen.<\/p>\n<h3>5. Rechte an geistigem Eigentum<\/h3>\n<p><strong>5.1<\/strong> Der gesamte Inhalt unserer Website, wie z.B. Texte, Grafiken, Logos und Software, ist unser Eigentum oder geh\u00f6rt unseren Lizenzgebern und ist durch Gesetze zum Schutz des geistigen Eigentums gesch\u00fctzt.<\/p>\n<p><strong>5.2<\/strong> Die Nutzung unserer Website und unserer Dienstleistungen gew\u00e4hrt Ihnen keine Rechte an unseren geistigen Eigentumsrechten oder denen Dritter.<\/p>\n<h3>6. Haftungsbeschr\u00e4nkung<\/h3>\n<p><strong>6.1<\/strong> Die Website und die Dienste werden in der vorliegenden Form&#8220; und wie verf\u00fcgbar&#8220; angeboten. Wir geben keine ausdr\u00fccklichen oder stillschweigenden Garantien in Bezug auf die Genauigkeit, Zuverl\u00e4ssigkeit, Eignung oder Verf\u00fcgbarkeit der Website, der Dienstleistungen oder der damit verbundenen Grafiken, die auf der Website dargestellt sind.<\/p>\n<p><strong>6.2<\/strong> Wir haften nicht f\u00fcr Verluste oder Sch\u00e4den, einschlie\u00dflich, aber nicht beschr\u00e4nkt auf indirekte oder Folgesch\u00e4den, die sich aus der Nutzung unserer Website oder unserer Dienstleistungen ergeben oder damit zusammenh\u00e4ngen.<\/p>\n<h3>7. Dienste oder Inhalte von Drittanbietern<\/h3>\n<p><strong>7.1<\/strong> Unsere Dienste k\u00f6nnen Inhalte oder Dienste umfassen, die von Dritten bereitgestellt werden. Wir kontrollieren diese Inhalte oder Dienste nicht, billigen sie nicht und \u00fcbernehmen keine Verantwortung f\u00fcr sie.<\/p>\n<h3>8. Externe Website-Links<\/h3>\n<p><strong>8.1<\/strong> Unsere Website kann Links zu Websites Dritter enthalten. Diese Links werden zu Ihrem Nutzen angeboten. Wir haben keine Kontrolle \u00fcber und \u00fcbernehmen keine Verantwortung f\u00fcr den Inhalt dieser Websites oder Ressourcen.<\/p>\n<h3>9. \u00c4nderungen der vorliegenden Bedingungen<\/h3>\n<p><strong>9.1<\/strong> Wir behalten uns das Recht vor, diese Bedingungen jederzeit zu \u00e4ndern. Wir werden Sie \u00fcber alle \u00c4nderungen informieren, indem wir die aktualisierten Bedingungen auf dieser Seite ver\u00f6ffentlichen.<\/p>\n<p><strong>9.2<\/strong> Es wird empfohlen, dass Sie diese Bedingungen regelm\u00e4\u00dfig auf \u00c4nderungen \u00fcberpr\u00fcfen. Die \u00c4nderungen an diesen Bedingungen treten mit ihrer Ver\u00f6ffentlichung auf dieser Seite in Kraft.<\/p>\n<h3>10. Beendigung<\/h3>\n<p><strong>10.1<\/strong> Wir behalten uns das Recht vor, Ihren Zugang zu unserer Website und unseren Diensten sofort und ohne vorherige Ank\u00fcndigung oder Haftung zu beenden oder auszusetzen, aus welchem Grund auch immer, einschlie\u00dflich, aber nicht beschr\u00e4nkt auf, einen Versto\u00df gegen diese Bedingungen.<\/p>\n<h3>11. Geltendes Recht und Gerichtsstand<\/h3>\n<p><strong>11.1<\/strong> Diese Bedingungen werden nach den Gesetzen der Gerichtsbarkeit, in der unser Unternehmen t\u00e4tig ist, ausgelegt und geregelt, ohne R\u00fccksicht auf die Bestimmungen des Kollisionsrechts.<\/p>\n<p><strong>11.2<\/strong> Sie erkl\u00e4ren sich damit einverstanden, dass f\u00fcr die Beilegung von Streitigkeiten, die sich aus diesen Bedingungen oder der Website oder den Diensten ergeben, ausschlie\u00dflich die Gerichte am Sitz unseres Unternehmens zust\u00e4ndig sind.<\/p>\n<h3>12. Kontaktinformationen<\/h3>\n<p><strong>12.1<\/strong> Sollten Sie Fragen zu diesen Gesch\u00e4ftsbedingungen haben, kontaktieren Sie uns bitte unter <a href=\"mailto:support@immediateedgeapp.org\">support@immediateedgeapp.org.<\/a><\/p>\n","protected":false},"excerpt":{"rendered":"<p>1. Einleitung 1.1 Willkommen bei immediateedgeapp.org (die &#8222;Website&#8220;). Sie k\u00f6nnen uns unter support@immediateedgeapp.org erreichen, wenn Sie Fragen haben. 1.2 Unsere Website bietet Einblicke in verschiedene von Dritten angebotene Handelsplattformen (Handelsplattformen&#8220;) und damit verbundene Dienstleistungen (die Dienstleistungen&#8220;). 1.3 Die folgenden Allgemeinen Gesch\u00e4ftsbedingungen (&#8222;Bedingungen&#8220;) regeln Ihre (&#8222;Sie&#8220;, &#8222;Ihr&#8220; oder &#8222;Nutzer&#8220;) Nutzung unserer Website und Dienste. Bitte lesen<a href=\"https:\/\/oilprofit.dev\/de\/nutzungsbedingungen\/\">Continue reading <span class=\"sr-only\">&#8222;Nutzungsbedingungen&#8220;<\/span><\/a><\/p>\n","protected":false},"author":12,"featured_media":0,"parent":0,"menu_order":0,"comment_status":"closed","ping_status":"closed","template":"","meta":{"footnotes":""},"class_list":["post-1647","page","type-page","status-publish","hentry"],"acf":[],"_links":{"self":[{"href":"https:\/\/oilprofit.dev\/de\/wp-json\/wp\/v2\/pages\/1647","targetHints":{"allow":["GET"]}}],"collection":[{"href":"https:\/\/oilprofit.dev\/de\/wp-json\/wp\/v2\/pages"}],"about":[{"href":"https:\/\/oilprofit.dev\/de\/wp-json\/wp\/v2\/types\/page"}],"author":[{"embeddable":true,"href":"https:\/\/oilprofit.dev\/de\/wp-json\/wp\/v2\/users\/12"}],"replies":[{"embeddable":true,"href":"https:\/\/oilprofit.dev\/de\/wp-json\/wp\/v2\/comments?post=1647"}],"version-history":[{"count":1,"href":"https:\/\/oilprofit.dev\/de\/wp-json\/wp\/v2\/pages\/1647\/revisions"}],"predecessor-version":[{"id":2363,"href":"https:\/\/oilprofit.dev\/de\/wp-json\/wp\/v2\/pages\/1647\/revisions\/2363"}],"wp:attachment":[{"href":"https:\/\/oilprofit.dev\/de\/wp-json\/wp\/v2\/media?parent=1647"}],"curies":[{"name":"wp","href":"https:\/\/api.w.org\/{rel}","templated":true}]}}