{"id":1653,"date":"2023-07-20T13:48:36","date_gmt":"2023-07-20T13:48:36","guid":{"rendered":"https:\/\/oilprofit.dev\/condiciones-de-uso\/"},"modified":"2023-10-23T11:46:51","modified_gmt":"2023-10-23T11:46:51","slug":"condiciones-de-uso","status":"publish","type":"page","link":"https:\/\/oilprofit.dev\/es\/condiciones-de-uso\/","title":{"rendered":"Condiciones de uso"},"content":{"rendered":"<h3>1. Introducci\u00f3n<\/h3>\n<p><strong>1.1<\/strong> Bienvenido a immediateedgeapp.org (el \u00abSitio Web\u00bb). Puede ponerse en contacto con nosotros en <a href=\"mailto:support@immediateedgeapp.org\">support@immediateedgeapp.org<\/a> para cualquier consulta.<\/p>\n<p><strong>1.2<\/strong> Nuestro sitio web proporciona informaci\u00f3n sobre diversas plataformas de negociaci\u00f3n (\u00abPlataformas de negociaci\u00f3n\u00bb) ofrecidas por terceros y servicios relacionados (los \u00abServicios\u00bb).<\/p>\n<p><strong>1.3<\/strong> Los siguientes T\u00e9rminos y Condiciones (\u00abT\u00e9rminos\u00bb) regulan el uso que usted (\u00abUsted\u00bb, \u00abSu\u00bb o \u00abUsuario\u00bb) hace de nuestro Sitio Web y de nuestros Servicios. Lea atentamente estas condiciones. Al acceder o utilizar nuestro Sitio Web y nuestros Servicios, usted acepta estas Condiciones. Si no est\u00e1 de acuerdo con alguna parte de estas Condiciones, no utilice nuestro Sitio Web ni nuestros Servicios.<\/p>\n<p><strong>1.4<\/strong> Nuestra Pol\u00edtica de Privacidad forma parte integrante de estas Condiciones. La aceptaci\u00f3n de estas Condiciones implica su aceptaci\u00f3n y conformidad con nuestra <a href=\"https:\/\/oilprofit.dev\/privacy-policy\/\">Pol\u00edtica de privacidad<\/a>.<\/p>\n<h3>2. Elegibilidad de los usuarios<\/h3>\n<p><strong>2.1<\/strong> Puede acceder al Sitio Web y a los Servicios si:<\/p>\n<p><strong>2.1.1<\/strong> Tener 18 a\u00f1os o m\u00e1s;<\/p>\n<p><strong>2.1.2<\/strong> Tener el derecho legal, la autoridad y la capacidad para aceptar y cumplir estas Condiciones;<\/p>\n<p><strong>2.1.3<\/strong> No tiene prohibido legalmente el uso de nuestro Sitio web y nuestros Servicios en su jurisdicci\u00f3n local.<\/p>\n<h3>3. Limitaciones de acceso<\/h3>\n<p><strong>3.1<\/strong> Ciertas \u00e1reas o usuarios pueden tener acceso limitado a nuestro Sitio Web y Servicios si lo consideramos necesario por motivos legales, normativos o de gesti\u00f3n de riesgos.<\/p>\n<p><strong>3.2<\/strong> Los usuarios de determinados pa\u00edses pueden estar sujetos a requisitos o condiciones adicionales. Si se encuentra en alguno de los Territorios de Acceso Limitado, es posible que no pueda acceder a nuestro Sitio Web y a nuestros Servicios o que \u00e9stos est\u00e9n bloqueados.<\/p>\n<h3>4. Acciones prohibidas<\/h3>\n<p><strong>4.1<\/strong> Al utilizar nuestro Sitio Web y nuestros Servicios, abst\u00e9ngase de realizar acciones que:<\/p>\n<p><strong>4.1.1<\/strong> Infringir ning\u00fan derecho, incluidos los derechos de propiedad intelectual, los derechos de privacidad u otros derechos;<\/p>\n<p><strong>4.1.2<\/strong> Incluir contenidos nocivos, ofensivos, difamatorios, racistas o inadecuados;<\/p>\n<p><strong>4.1.3<\/strong> Impliquen software da\u00f1ino o virus;<\/p>\n<p><strong>4.1.4<\/strong> Infringir cualquier ley;<\/p>\n<p><strong>4.1.5<\/strong> Interferir en el uso del Sitio Web o de los Servicios por parte de otros Usuarios.<\/p>\n<h3>5. 5. Derechos de propiedad intelectual<\/h3>\n<p><strong>5.1<\/strong> Todo el contenido de nuestro Sitio web, como textos, gr\u00e1ficos, logotipos y software, es de nuestra propiedad o pertenece a nuestros licenciantes y est\u00e1 protegido por las leyes de propiedad intelectual.<\/p>\n<p><strong>5.2<\/strong> El uso de nuestro Sitio Web y de nuestros Servicios no le otorga ning\u00fan derecho relativo a nuestros derechos de propiedad intelectual o a los de terceros.<\/p>\n<h3>6. Limitaci\u00f3n de responsabilidad<\/h3>\n<p><strong>6.1<\/strong> El Sitio Web y los Servicios se ofrecen \u00abtal cual\u00bb y \u00abseg\u00fan disponibilidad\u00bb. No ofrecemos ninguna garant\u00eda, expl\u00edcita o impl\u00edcita, sobre la precisi\u00f3n, fiabilidad, idoneidad o disponibilidad del Sitio Web, los Servicios o los gr\u00e1ficos relacionados que aparecen en el Sitio Web.<\/p>\n<p><strong>6.2<\/strong> No seremos responsables de ninguna p\u00e9rdida o da\u00f1o, incluyendo, sin limitaci\u00f3n, p\u00e9rdidas o da\u00f1os indirectos o consecuentes, resultantes de o relacionados con el uso de nuestro Sitio Web o Servicios.<\/p>\n<h3>7. Servicios o contenidos de terceros<\/h3>\n<p><strong>7.1<\/strong> Nuestros Servicios pueden incluir contenidos o servicios prestados por terceros. No controlamos, aprobamos ni asumimos responsabilidad alguna por dichos contenidos o servicios.<\/p>\n<h3>8. Enlaces externos<\/h3>\n<p><strong>8.1<\/strong> Nuestro sitio web puede contener enlaces a sitios web de terceros. Estos enlaces se ofrecen para su comodidad. No tenemos ning\u00fan control ni asumimos ninguna responsabilidad por el contenido de esos sitios web o recursos.<\/p>\n<h3>9. Modificaciones de las presentes condiciones<\/h3>\n<p><strong>9.1<\/strong> Nos reservamos el derecho a modificar estas Condiciones en cualquier momento. Le notificaremos cualquier cambio publicando las Condiciones actualizadas en esta p\u00e1gina.<\/p>\n<p><strong>9.2<\/strong> Se recomienda que revise peri\u00f3dicamente estas Condiciones para comprobar si se han producido cambios. Las modificaciones de estas Condiciones entrar\u00e1n en vigor en el momento de su publicaci\u00f3n en esta p\u00e1gina.<\/p>\n<h3>10. Terminaci\u00f3n<\/h3>\n<p><strong>10.1<\/strong> Nos reservamos el derecho de terminar o suspender su acceso a nuestro Sitio Web y Servicios inmediatamente, sin previo aviso ni responsabilidad, por cualquier motivo, incluyendo, sin limitaci\u00f3n, el incumplimiento de estas Condiciones.<\/p>\n<h3>11. Ley aplicable y jurisdicci\u00f3n<\/h3>\n<p><strong>11.1<\/strong> Estas Condiciones se interpretar\u00e1n y se regir\u00e1n por las leyes de la jurisdicci\u00f3n en la que opera nuestra empresa, sin tener en cuenta sus disposiciones sobre conflicto de leyes.<\/p>\n<p><strong>11.2<\/strong> Usted acepta la jurisdicci\u00f3n exclusiva de los tribunales ubicados dentro de la jurisdicci\u00f3n de nuestra empresa, para la resoluci\u00f3n de cualquier disputa que surja de estos T\u00e9rminos o del Sitio Web o los Servicios.<\/p>\n<h3>12. Informaci\u00f3n de contacto<\/h3>\n<p><strong>12.1<\/strong> Si tiene alguna pregunta sobre estas Condiciones, p\u00f3ngase en contacto con nosotros en <a href=\"mailto:support@immediateedgeapp.org\">support@immediateedgeapp.org.<\/a><\/p>\n","protected":false},"excerpt":{"rendered":"<p>1. Introducci\u00f3n 1.1 Bienvenido a immediateedgeapp.org (el \u00abSitio Web\u00bb). Puede ponerse en contacto con nosotros en support@immediateedgeapp.org para cualquier consulta. 1.2 Nuestro sitio web proporciona informaci\u00f3n sobre diversas plataformas de negociaci\u00f3n (\u00abPlataformas de negociaci\u00f3n\u00bb) ofrecidas por terceros y servicios relacionados (los \u00abServicios\u00bb). 1.3 Los siguientes T\u00e9rminos y Condiciones (\u00abT\u00e9rminos\u00bb) regulan el uso que usted (\u00abUsted\u00bb,<a href=\"https:\/\/oilprofit.dev\/es\/condiciones-de-uso\/\">Continue reading <span class=\"sr-only\">\u00abCondiciones de uso\u00bb<\/span><\/a><\/p>\n","protected":false},"author":12,"featured_media":0,"parent":0,"menu_order":0,"comment_status":"closed","ping_status":"closed","template":"","meta":{"footnotes":""},"class_list":["post-1653","page","type-page","status-publish","hentry"],"acf":[],"_links":{"self":[{"href":"https:\/\/oilprofit.dev\/es\/wp-json\/wp\/v2\/pages\/1653","targetHints":{"allow":["GET"]}}],"collection":[{"href":"https:\/\/oilprofit.dev\/es\/wp-json\/wp\/v2\/pages"}],"about":[{"href":"https:\/\/oilprofit.dev\/es\/wp-json\/wp\/v2\/types\/page"}],"author":[{"embeddable":true,"href":"https:\/\/oilprofit.dev\/es\/wp-json\/wp\/v2\/users\/12"}],"replies":[{"embeddable":true,"href":"https:\/\/oilprofit.dev\/es\/wp-json\/wp\/v2\/comments?post=1653"}],"version-history":[{"count":1,"href":"https:\/\/oilprofit.dev\/es\/wp-json\/wp\/v2\/pages\/1653\/revisions"}],"predecessor-version":[{"id":2371,"href":"https:\/\/oilprofit.dev\/es\/wp-json\/wp\/v2\/pages\/1653\/revisions\/2371"}],"wp:attachment":[{"href":"https:\/\/oilprofit.dev\/es\/wp-json\/wp\/v2\/media?parent=1653"}],"curies":[{"name":"wp","href":"https:\/\/api.w.org\/{rel}","templated":true}]}}