{"id":1639,"date":"2023-07-20T13:48:36","date_gmt":"2023-07-20T13:48:36","guid":{"rendered":"https:\/\/oilprofit.dev\/kasutustingimused\/"},"modified":"2023-10-23T11:46:52","modified_gmt":"2023-10-23T11:46:52","slug":"kasutustingimused","status":"publish","type":"page","link":"https:\/\/oilprofit.dev\/et\/kasutustingimused\/","title":{"rendered":"Kasutustingimused"},"content":{"rendered":"<h3>1. Sissejuhatus<\/h3>\n<p><strong>1.1<\/strong> Tere tulemast veebilehele immediateedgeapp.org (&#8220;Veebileht&#8221;). K\u00f5igi k\u00fcsimuste korral saate meiega \u00fchendust aadressil <a href=\"mailto:support@immediateedgeapp.org\">support@immediateedgeapp.org<\/a>.<\/p>\n<p><strong>1.2<\/strong> Meie veebisait annab \u00fclevaate erinevatest kauplemisplatvormidest (&#8220;kauplemisplatvormid&#8221;), mida pakuvad kolmandad isikud ja nendega seotud teenused (&#8220;Teenused&#8221;).<\/p>\n<p><strong>1.<\/strong> 3 J\u00e4rgnevad Tingimused (&#8220;Tingimused&#8221;) m\u00e4\u00e4ravad teie (&#8220;teie&#8221;, &#8220;teie&#8221; v\u00f5i &#8220;kasutaja&#8221;) jaoks meie veebisaidi ja teenuste kasutamise. Palun vaadake need tingimused hoolikalt l\u00e4bi. Meie veebisaidile ja teenustele juurdep\u00e4\u00e4suga v\u00f5i nende kasutamisega n\u00f5ustute k\u00e4esolevate tingimustega. Kui te ei n\u00f5ustu nende tingimuste mis tahes osaga, \u00e4rge kasutage meie veebisaiti ja teenuseid.<\/p>\n<p><strong>1.4<\/strong> Meie privaatsuspoliitika on k\u00e4esolevate tingimuste lahutamatu osa. Nende tingimuste aktsepteerimine t\u00e4hendab teie n\u00f5usolekut ja n\u00f5ustumist meie <a href=\"https:\/\/oilprofit.dev\/et\/privaatsuspoliitika\/\">privaatsuspoliitikaga<\/a>.<\/p>\n<h3>2. Kasutaja k\u00f5lblikkus<\/h3>\n<p><strong>2.<\/strong> 1 Saate veebisaidile ja teenustele ligi, kui:<\/p>\n<p><strong>2.1.1<\/strong> on 18-aastased v\u00f5i vanemad;<\/p>\n<p><strong>2.1.2<\/strong> omab seaduslikku \u00f5igust, volitusi ja v\u00f5imet n\u00f5ustuda k\u00e4esolevate tingimustega ja neid j\u00e4rgida;<\/p>\n<p><strong>2.1.<\/strong> 3 Teil ei ole seaduslikult keelatud kasutada meie veebisaiti ja teenuseid teie kohaliku jurisdiktsiooni alusel.<\/p>\n<h3>3. Juurdep\u00e4\u00e4supiirangud<\/h3>\n<p><strong>3.<\/strong> 1 Teatud valdkondadel v\u00f5i kasutajatel v\u00f5ib olla piiratud juurdep\u00e4\u00e4s meie veebisaidile ja teenustele, kui me peame seda vajalikuks \u00f5iguslikel, regulatiivsetel v\u00f5i riskijuhtimisega seotud p\u00f5hjustel.<\/p>\n<p><strong>3.<\/strong> 2 Teatavate riikide kasutajate suhtes v\u00f5ivad kehtida lisan\u00f5uded v\u00f5i -tingimused. Kui asute m\u00f5nel piiratud juurdep\u00e4\u00e4suga territooriumil, ei pruugi meie veebisait ja teenused olla k\u00e4ttesaadavad v\u00f5i need v\u00f5ivad olla blokeeritud.<\/p>\n<h3>4. Keelatud tegevused<\/h3>\n<p><strong>4.<\/strong> 1 Meie veebilehe ja teenuste kasutamisel hoiduge sellistest tegevustest, mis:<\/p>\n<p><strong>4.1.<\/strong> 1 rikkuda mis tahes \u00f5igusi, sealhulgas intellektuaalomandi\u00f5igusi, privaatsus\u00f5igusi v\u00f5i muid \u00f5igusi;<\/p>\n<p><strong>4.1.2<\/strong> sisaldada kahjulikku, solvavat, laimavat, rassistlikku v\u00f5i ebasobivat sisu;<\/p>\n<p><strong>4.1.3<\/strong> Kaasata kahjulikku tarkvara v\u00f5i viiruseid;<\/p>\n<p><strong>4.1.<\/strong> 4 rikkuda mis tahes seadusi;<\/p>\n<p><strong>4.1.<\/strong> 5 h\u00e4irida teiste kasutajate veebisaidi v\u00f5i teenuste kasutamist.<\/p>\n<h3>5. Intellektuaalomandi \u00f5igused<\/h3>\n<p><strong>5.1<\/strong> Kogu meie veebisaidi sisu, nagu tekst, graafika, logod ja tarkvara, on meie omand v\u00f5i kuulub meie litsentsiandjatele ja on kaitstud intellektuaalomandi seadustega.<\/p>\n<p><strong>5.2<\/strong> Meie veebisaidi ja teenuste kasutamine ei anna teile mingeid \u00f5igusi seoses meie v\u00f5i kolmandate isikute intellektuaalomandi \u00f5igustega.<\/p>\n<h3>6. Vastutuse piiramine<\/h3>\n<p><strong>6.<\/strong> 1 Veebilehte ja teenuseid pakutakse &#8220;nagu on&#8221; ja &#8220;nagu saadaval&#8221;. Me ei anna mingeid selges\u00f5nalisi ega kaudseid garantiisid veebilehe, teenuste v\u00f5i nendega seotud graafika t\u00e4psuse, usaldusv\u00e4\u00e4rsuse, sobivuse v\u00f5i k\u00e4ttesaadavuse kohta.<\/p>\n<p><strong>6.2<\/strong> Me ei vastuta mis tahes kahju eest, sealhulgas, kuid mitte ainult, kaudse v\u00f5i kaudse kahju eest, mis tuleneb meie veebisaidi v\u00f5i teenuste kasutamisest v\u00f5i on sellega seotud.<\/p>\n<h3>7. Kolmandate isikute teenused v\u00f5i sisu<\/h3>\n<p><strong>7.<\/strong> 1 Meie teenused v\u00f5ivad h\u00f5lmata kolmandate isikute poolt pakutavat sisu v\u00f5i teenuseid. Me ei kontrolli, ei toeta ega v\u00f5ta vastutust sellise sisu v\u00f5i teenuste eest.<\/p>\n<h3>8. V\u00e4lise veebilehe lingid<\/h3>\n<p><strong>8.<\/strong> 1 Meie veebisaidil v\u00f5ib olla linke kolmandate isikute veebisaitidele. Neid linke pakutakse teie mugavuse huvides. Me ei kontrolli ega vastuta nende veebisaitide v\u00f5i ressursside sisu eest.<\/p>\n<h3>9. Muudatused nendes tingimustes<\/h3>\n<p><strong>9.<\/strong> 1 Me j\u00e4tame endale \u00f5iguse neid tingimusi igal ajal muuta. Me teavitame teid k\u00f5igist muudatustest, avaldades uuendatud tingimused sellel lehek\u00fcljel.<\/p>\n<p><strong>9.<\/strong> 2 On soovitatav, et te vaataksite need tingimused perioodiliselt \u00fcle, et teha neis muudatusi. Tingimuste muudatused j\u00f5ustuvad nende avaldamisel sellel lehek\u00fcljel.<\/p>\n<h3>10. L\u00f5petamine<\/h3>\n<p><strong>10.1<\/strong> Meil on \u00f5igus l\u00f5petada v\u00f5i peatada teie juurdep\u00e4\u00e4s meie veebisaidile ja teenustele kohe, ilma eelneva etteteatamise v\u00f5i vastutuseta, mis tahes p\u00f5hjusel, sealhulgas, kuid mitte ainult, k\u00e4esolevate tingimuste rikkumise korral.<\/p>\n<h3>11. Kohaldatav \u00f5igus ja kohtualluvus<\/h3>\n<p><strong>11.1<\/strong> Neid tingimusi t\u00f5lgendatakse ja reguleeritakse selle jurisdiktsiooni seadustega, kus meie ettev\u00f5te tegutseb, arvestamata selle kollisiooninorme.<\/p>\n<p><strong>11.2<\/strong> Te n\u00f5ustute, et k\u00e4esolevatest tingimustest v\u00f5i veebisaidist v\u00f5i teenustest tulenevate vaidluste lahendamiseks on ainup\u00e4devuses meie ettev\u00f5tte jurisdiktsioonis asuvad kohtud.<\/p>\n<h3>12. Kontaktandmed<\/h3>\n<p><strong>12.1<\/strong> Kui teil on nende tingimuste kohta k\u00fcsimusi, v\u00f5tke meiega \u00fchendust aadressil <a href=\"mailto:support@immediateedgeapp.org\">support@immediateedgeapp.org<\/a>.<\/p>\n","protected":false},"excerpt":{"rendered":"<p>1. Sissejuhatus 1.1 Tere tulemast veebilehele immediateedgeapp.org (&#8220;Veebileht&#8221;). K\u00f5igi k\u00fcsimuste korral saate meiega \u00fchendust aadressil support@immediateedgeapp.org. 1.2 Meie veebisait annab \u00fclevaate erinevatest kauplemisplatvormidest (&#8220;kauplemisplatvormid&#8221;), mida pakuvad kolmandad isikud ja nendega seotud teenused (&#8220;Teenused&#8221;). 1. 3 J\u00e4rgnevad Tingimused (&#8220;Tingimused&#8221;) m\u00e4\u00e4ravad teie (&#8220;teie&#8221;, &#8220;teie&#8221; v\u00f5i &#8220;kasutaja&#8221;) jaoks meie veebisaidi ja teenuste kasutamise. Palun vaadake need tingimused hoolikalt<a href=\"https:\/\/oilprofit.dev\/et\/kasutustingimused\/\">Continue reading <span class=\"sr-only\">&#8220;Kasutustingimused&#8221;<\/span><\/a><\/p>\n","protected":false},"author":12,"featured_media":0,"parent":0,"menu_order":0,"comment_status":"closed","ping_status":"closed","template":"","meta":{"footnotes":""},"class_list":["post-1639","page","type-page","status-publish","hentry"],"acf":[],"_links":{"self":[{"href":"https:\/\/oilprofit.dev\/et\/wp-json\/wp\/v2\/pages\/1639","targetHints":{"allow":["GET"]}}],"collection":[{"href":"https:\/\/oilprofit.dev\/et\/wp-json\/wp\/v2\/pages"}],"about":[{"href":"https:\/\/oilprofit.dev\/et\/wp-json\/wp\/v2\/types\/page"}],"author":[{"embeddable":true,"href":"https:\/\/oilprofit.dev\/et\/wp-json\/wp\/v2\/users\/12"}],"replies":[{"embeddable":true,"href":"https:\/\/oilprofit.dev\/et\/wp-json\/wp\/v2\/comments?post=1639"}],"version-history":[{"count":1,"href":"https:\/\/oilprofit.dev\/et\/wp-json\/wp\/v2\/pages\/1639\/revisions"}],"predecessor-version":[{"id":2376,"href":"https:\/\/oilprofit.dev\/et\/wp-json\/wp\/v2\/pages\/1639\/revisions\/2376"}],"wp:attachment":[{"href":"https:\/\/oilprofit.dev\/et\/wp-json\/wp\/v2\/media?parent=1639"}],"curies":[{"name":"wp","href":"https:\/\/api.w.org\/{rel}","templated":true}]}}