{"id":1643,"date":"2023-07-20T13:48:36","date_gmt":"2023-07-20T13:48:36","guid":{"rendered":"https:\/\/oilprofit.dev\/kayttoehdot\/"},"modified":"2023-10-23T11:46:45","modified_gmt":"2023-10-23T11:46:45","slug":"kayttoehdot","status":"publish","type":"page","link":"https:\/\/oilprofit.dev\/fi\/kayttoehdot\/","title":{"rendered":"K\u00e4ytt\u00f6ehdot"},"content":{"rendered":"<h3>1. Johdanto<\/h3>\n<p><strong>1.1<\/strong> Tervetuloa osoitteeseen immediateedgeapp.org (&#8221;Verkkosivusto&#8221;). Voit tavoittaa meid\u00e4t osoitteesta <a href=\"mailto:support@immediateedgeapp.org\">support@immediateedgeapp.org<\/a>, jos sinulla on kysytt\u00e4v\u00e4\u00e4.<\/p>\n<p><strong>1.2<\/strong> Verkkosivustomme tarjoaa tietoa kolmansien osapuolten tarjoamista erilaisista kaupank\u00e4yntialustoista (&#8221;Kaupank\u00e4yntialustat&#8221;) ja niihin liittyvist\u00e4 palveluista (&#8221;Palvelut&#8221;).<\/p>\n<p><strong>1.<\/strong> 3 Seuraavat k\u00e4ytt\u00f6ehdot (&#8221;Ehdot&#8221;) m\u00e4\u00e4rittelev\u00e4t verkkosivustomme ja palveluidemme k\u00e4ytt\u00f6\u00e4si (&#8221;Sin\u00e4&#8221;, &#8221;Sinun&#8221; tai &#8221;K\u00e4ytt\u00e4j\u00e4&#8221;). Tutustu n\u00e4ihin ehtoihin huolellisesti. K\u00e4ytt\u00e4m\u00e4ll\u00e4 verkkosivustoamme ja palveluitamme hyv\u00e4ksyt n\u00e4m\u00e4 ehdot. Jos et hyv\u00e4ksy mit\u00e4\u00e4n n\u00e4iden ehtojen osaa, \u00e4l\u00e4 k\u00e4yt\u00e4 verkkosivustoamme ja palveluitamme.<\/p>\n<p><strong>1.<\/strong> 4 Tietosuojak\u00e4yt\u00e4nt\u00f6mme on olennainen osa n\u00e4it\u00e4 ehtoja. N\u00e4iden ehtojen hyv\u00e4ksyminen tarkoittaa, ett\u00e4 hyv\u00e4ksyt ja hyv\u00e4ksyt <a href=\"https:\/\/oilprofit.dev\/privacy-policy\/\">yksityisyydensuojamme<\/a>.<\/p>\n<h3>2. K\u00e4ytt\u00e4j\u00e4n kelpoisuus<\/h3>\n<p><strong>2.<\/strong> 1 Voit k\u00e4ytt\u00e4\u00e4 verkkosivustoa ja palveluja, jos:<\/p>\n<p><strong>2.1.1<\/strong> ovat v\u00e4hint\u00e4\u00e4n 18-vuotiaita;<\/p>\n<p><strong>2.1.2<\/strong> H\u00e4nell\u00e4 on laillinen oikeus, valtuudet ja kyky hyv\u00e4ksy\u00e4 n\u00e4m\u00e4 ehdot ja noudattaa niit\u00e4;<\/p>\n<p><strong>2.1.3<\/strong> sinua ei ole laillisesti kielletty k\u00e4ytt\u00e4m\u00e4st\u00e4 verkkosivustoamme ja palveluitamme paikallisen laink\u00e4ytt\u00f6alueesi mukaan.<\/p>\n<h3>3. P\u00e4\u00e4syrajoitukset<\/h3>\n<p><strong>3.<\/strong> 1 Tietyill\u00e4 alueilla tai tietyill\u00e4 k\u00e4ytt\u00e4jill\u00e4 voi olla rajoitettu p\u00e4\u00e4sy verkkosivustollemme ja palveluihimme, jos katsomme sen tarpeelliseksi oikeudellisista, s\u00e4\u00e4ntelyyn liittyvist\u00e4 tai riskienhallintaan liittyvist\u00e4 syist\u00e4.<\/p>\n<p><strong>3.<\/strong> 2 Tietyist\u00e4 maista tuleviin k\u00e4ytt\u00e4jiin voi kohdistua lis\u00e4vaatimuksia tai -ehtoja. Jos olet jollakin rajoitetun p\u00e4\u00e4syn alueella, verkkosivustomme ja palvelumme eiv\u00e4t ehk\u00e4 ole k\u00e4ytett\u00e4viss\u00e4 tai ne voivat olla estettyin\u00e4.<\/p>\n<h3>4. Kielletyt toimet<\/h3>\n<p><strong>4.<\/strong> 1 Kun k\u00e4yt\u00e4t verkkosivustoamme ja palveluitamme, pid\u00e4tt\u00e4ydy toimista, jotka:<\/p>\n<p><strong>4.1.<\/strong> 1 loukkaa mit\u00e4\u00e4n oikeuksia, mukaan lukien immateriaalioikeudet, yksityisyyden suojaa koskevat oikeudet tai muut oikeudet;<\/p>\n<p><strong>4.1.2<\/strong> Sis\u00e4lt\u00e4\u00e4 haitallista, loukkaavaa, herjaavaa, rasistista tai sopimatonta sis\u00e4lt\u00f6\u00e4;<\/p>\n<p><strong>4.1.3<\/strong> Sis\u00e4lt\u00e4\u00e4 haitallisia ohjelmistoja tai viruksia;<\/p>\n<p><strong>4.1.<\/strong> 4 rikkoa lakeja;<\/p>\n<p><strong>4.1.<\/strong> 5 h\u00e4irit\u00e4 muiden k\u00e4ytt\u00e4jien verkkosivuston tai palveluiden k\u00e4ytt\u00f6\u00e4.<\/p>\n<h3>5. Immateriaalioikeudet<\/h3>\n<p><strong>5.<\/strong> 1 Kaikki verkkosivustomme sis\u00e4lt\u00f6, kuten teksti, grafiikka, logot ja ohjelmistot, on meid\u00e4n omaisuuttamme tai kuuluu lisenssinantajillemme, ja sit\u00e4 suojaavat immateriaalioikeudet.<\/p>\n<p><strong>5.<\/strong> 2 Verkkosivustomme ja palveluidemme k\u00e4ytt\u00f6 ei anna sinulle mit\u00e4\u00e4n oikeuksia, jotka koskevat meid\u00e4n tai kolmansien osapuolten immateriaalioikeuksia.<\/p>\n<h3>6. Vastuun rajoittaminen<\/h3>\n<p><strong>6.<\/strong> 1 Verkkosivusto ja palvelut tarjotaan &#8221;sellaisena kuin se on&#8221; ja &#8221;sellaisena kuin se on saatavilla&#8221;. Emme anna mit\u00e4\u00e4n takuita, nimenomaisia tai ep\u00e4suoria, verkkosivuston, palveluiden tai niihin liittyv\u00e4n grafiikan tarkkuudesta, luotettavuudesta, sopivuudesta tai saatavuudesta.<\/p>\n<p><strong>6.<\/strong> 2 Emme ole vastuussa mist\u00e4\u00e4n menetyksist\u00e4 tai vahingoista, mukaan lukien rajoituksetta ep\u00e4suorat tai v\u00e4lilliset menetykset tai vahingot, jotka johtuvat verkkosivustomme tai palveluidemme k\u00e4yt\u00f6st\u00e4 tai liittyv\u00e4t siihen.<\/p>\n<h3>7. Kolmannen osapuolen palvelut tai sis\u00e4lt\u00f6<\/h3>\n<p><strong>7.<\/strong> 1 Palvelumme voivat sis\u00e4lt\u00e4\u00e4 kolmansien osapuolten toimittamaa sis\u00e4lt\u00f6\u00e4 tai palveluja. Emme valvo, hyv\u00e4ksy tai ota vastuuta t\u00e4llaisesta sis\u00e4ll\u00f6st\u00e4 tai palveluista.<\/p>\n<h3>8. Ulkoiset verkkosivustolinkit<\/h3>\n<p><strong>8.<\/strong> 1 Verkkosivustollamme voi olla linkkej\u00e4 kolmansien osapuolten verkkosivustoille. N\u00e4m\u00e4 linkit on tarkoitettu avuksesi. Emme voi valvoa emmek\u00e4 ota vastuuta n\u00e4iden verkkosivustojen tai resurssien sis\u00e4ll\u00f6st\u00e4.<\/p>\n<h3>9. Muutokset n\u00e4ihin ehtoihin<\/h3>\n<p><strong>9.<\/strong> 1 Pid\u00e4t\u00e4mme oikeuden muuttaa n\u00e4it\u00e4 ehtoja milloin tahansa. Ilmoitamme sinulle kaikista muutoksista julkaisemalla p\u00e4ivitetyt ehdot t\u00e4ll\u00e4 sivulla.<\/p>\n<p><strong>9.<\/strong> 2 On suositeltavaa, ett\u00e4 tarkistat n\u00e4m\u00e4 ehdot s\u00e4\u00e4nn\u00f6llisesti mahdollisten muutosten varalta. N\u00e4ihin ehtoihin tehdyt muutokset tulevat voimaan, kun ne julkaistaan t\u00e4ll\u00e4 sivulla.<\/p>\n<h3>10. Lopetus<\/h3>\n<p><strong>10.<\/strong> 1 Pid\u00e4t\u00e4mme oikeuden lopettaa tai keskeytt\u00e4\u00e4 p\u00e4\u00e4sysi verkkosivustolle ja palveluihin v\u00e4litt\u00f6m\u00e4sti ilman ennakkoilmoitusta tai vastuuta mist\u00e4 tahansa syyst\u00e4, mukaan lukien rajoituksetta n\u00e4iden ehtojen rikkominen.<\/p>\n<h3>11. Sovellettava laki ja toimivalta<\/h3>\n<p><strong>11.<\/strong> 1 N\u00e4it\u00e4 ehtoja tulkitaan ja niihin sovelletaan sen laink\u00e4ytt\u00f6alueen lakeja, jossa yhti\u00f6mme toimii, ottamatta huomioon lainvalintas\u00e4\u00e4nn\u00f6ksi\u00e4.<\/p>\n<p><strong>11.2<\/strong> Suostut siihen, ett\u00e4 n\u00e4ist\u00e4 ehdoista tai verkkosivustosta tai palveluista johtuvien riitojen ratkaisemiseen on yksinomainen toimivalta yrityksemme toimialueella sijaitsevilla tuomioistuimilla.<\/p>\n<h3>12. Yhteystiedot<\/h3>\n<p><strong>12.<\/strong> 1 Jos sinulla on kysytt\u00e4v\u00e4\u00e4 n\u00e4ist\u00e4 ehdoista, ota meihin yhteytt\u00e4 osoitteeseen <a href=\"mailto:support@immediateedgeapp.org\">support@immediateedgeapp.org<\/a>.<\/p>\n","protected":false},"excerpt":{"rendered":"<p>1. Johdanto 1.1 Tervetuloa osoitteeseen immediateedgeapp.org (&#8221;Verkkosivusto&#8221;). Voit tavoittaa meid\u00e4t osoitteesta support@immediateedgeapp.org, jos sinulla on kysytt\u00e4v\u00e4\u00e4. 1.2 Verkkosivustomme tarjoaa tietoa kolmansien osapuolten tarjoamista erilaisista kaupank\u00e4yntialustoista (&#8221;Kaupank\u00e4yntialustat&#8221;) ja niihin liittyvist\u00e4 palveluista (&#8221;Palvelut&#8221;). 1. 3 Seuraavat k\u00e4ytt\u00f6ehdot (&#8221;Ehdot&#8221;) m\u00e4\u00e4rittelev\u00e4t verkkosivustomme ja palveluidemme k\u00e4ytt\u00f6\u00e4si (&#8221;Sin\u00e4&#8221;, &#8221;Sinun&#8221; tai &#8221;K\u00e4ytt\u00e4j\u00e4&#8221;). Tutustu n\u00e4ihin ehtoihin huolellisesti. K\u00e4ytt\u00e4m\u00e4ll\u00e4 verkkosivustoamme ja palveluitamme hyv\u00e4ksyt n\u00e4m\u00e4<a href=\"https:\/\/oilprofit.dev\/fi\/kayttoehdot\/\">Continue reading <span class=\"sr-only\">&#8221;K\u00e4ytt\u00f6ehdot&#8221;<\/span><\/a><\/p>\n","protected":false},"author":12,"featured_media":0,"parent":0,"menu_order":0,"comment_status":"closed","ping_status":"closed","template":"","meta":{"footnotes":""},"class_list":["post-1643","page","type-page","status-publish","hentry"],"acf":[],"_links":{"self":[{"href":"https:\/\/oilprofit.dev\/fi\/wp-json\/wp\/v2\/pages\/1643","targetHints":{"allow":["GET"]}}],"collection":[{"href":"https:\/\/oilprofit.dev\/fi\/wp-json\/wp\/v2\/pages"}],"about":[{"href":"https:\/\/oilprofit.dev\/fi\/wp-json\/wp\/v2\/types\/page"}],"author":[{"embeddable":true,"href":"https:\/\/oilprofit.dev\/fi\/wp-json\/wp\/v2\/users\/12"}],"replies":[{"embeddable":true,"href":"https:\/\/oilprofit.dev\/fi\/wp-json\/wp\/v2\/comments?post=1643"}],"version-history":[{"count":1,"href":"https:\/\/oilprofit.dev\/fi\/wp-json\/wp\/v2\/pages\/1643\/revisions"}],"predecessor-version":[{"id":2346,"href":"https:\/\/oilprofit.dev\/fi\/wp-json\/wp\/v2\/pages\/1643\/revisions\/2346"}],"wp:attachment":[{"href":"https:\/\/oilprofit.dev\/fi\/wp-json\/wp\/v2\/media?parent=1643"}],"curies":[{"name":"wp","href":"https:\/\/api.w.org\/{rel}","templated":true}]}}