{"id":1646,"date":"2023-07-20T13:48:36","date_gmt":"2023-07-20T13:48:36","guid":{"rendered":"https:\/\/oilprofit.dev\/conditions-dutilisation\/"},"modified":"2023-10-23T11:46:48","modified_gmt":"2023-10-23T11:46:48","slug":"conditions-dutilisation","status":"publish","type":"page","link":"https:\/\/oilprofit.dev\/fr\/conditions-dutilisation\/","title":{"rendered":"Conditions d&rsquo;utilisation"},"content":{"rendered":"<h3>1. Introduction<\/h3>\n<p><strong>1.1<\/strong> Bienvenue sur le site immediateedgeapp.org (le \u00ab\u00a0site web\u00a0\u00bb). Vous pouvez nous contacter \u00e0 l&rsquo;adresse <a href=\"mailto:support@immediateedgeapp.org\">support@immediateedgeapp.org<\/a> pour toute question.<\/p>\n<p><strong>1.2<\/strong> Notre site Web donne un aper\u00e7u de diverses plates-formes de n\u00e9gociation (\u00ab\u00a0plates-formes de n\u00e9gociation\u00a0\u00bb) propos\u00e9es par des tiers et des services connexes (les \u00ab\u00a0services\u00a0\u00bb).<\/p>\n<p><strong>1.3<\/strong> Les conditions g\u00e9n\u00e9rales suivantes (\u00ab\u00a0conditions\u00a0\u00bb) r\u00e9gissent votre utilisation (\u00ab\u00a0vous\u00a0\u00bb, \u00ab\u00a0votre\u00a0\u00bb ou \u00ab\u00a0l&rsquo;utilisateur\u00a0\u00bb) de notre site web et de nos services. Veuillez lire attentivement ces conditions. En acc\u00e9dant \u00e0 notre site web et \u00e0 nos services ou en les utilisant, vous acceptez les pr\u00e9sentes conditions. Si vous n&rsquo;\u00eates pas d&rsquo;accord avec une quelconque partie de ces conditions, veuillez ne pas utiliser notre site web et nos services.<\/p>\n<p><strong>1.4<\/strong> Notre politique de confidentialit\u00e9 fait partie int\u00e9grante des pr\u00e9sentes conditions. L&rsquo;acceptation de ces conditions implique l&rsquo;acceptation de notre <a href=\"https:\/\/oilprofit.dev\/privacy-policy\/\">politique de protection de la vie priv\u00e9e<\/a>.<\/p>\n<h3>2. \u00c9ligibilit\u00e9 de l&rsquo;utilisateur<\/h3>\n<p><strong>2.1<\/strong> Vous pouvez acc\u00e9der au site web et aux services si vous :<\/p>\n<p><strong>2.1.1<\/strong> Avoir 18 ans ou plus ;<\/p>\n<p><strong>2.1.2<\/strong> Avoir le droit l\u00e9gal, l&rsquo;autorit\u00e9 et la capacit\u00e9 d&rsquo;accepter et de respecter les pr\u00e9sentes conditions ;<\/p>\n<p><strong>2.1.3<\/strong> Vous n&rsquo;\u00eates pas l\u00e9galement emp\u00each\u00e9 d&rsquo;utiliser notre site web et nos services dans votre juridiction locale.<\/p>\n<h3>3. Limites d&rsquo;acc\u00e8s<\/h3>\n<p><strong>3.1<\/strong> Certaines zones ou certains utilisateurs peuvent avoir un acc\u00e8s limit\u00e9 \u00e0 notre site web et \u00e0 nos services si nous le jugeons n\u00e9cessaire pour des raisons juridiques, r\u00e9glementaires ou de gestion des risques.<\/p>\n<p><strong>3.2<\/strong> Les utilisateurs de certains pays peuvent \u00eatre soumis \u00e0 des exigences ou conditions suppl\u00e9mentaires. Si vous vous trouvez dans l&rsquo;un des territoires \u00e0 acc\u00e8s limit\u00e9, il se peut que notre site web et nos services ne soient pas accessibles ou qu&rsquo;ils soient bloqu\u00e9s.<\/p>\n<h3>4. Actions interdites<\/h3>\n<p><strong>4.1<\/strong> Lorsque vous utilisez notre site Web et nos services, vous vous abstenez de toute action visant \u00e0<\/p>\n<p><strong>4.1.1<\/strong> enfreindre tout droit, y compris les droits de propri\u00e9t\u00e9 intellectuelle, les droits \u00e0 la vie priv\u00e9e ou d&rsquo;autres droits ;<\/p>\n<p><strong>4.1.2<\/strong> Inclure un contenu nuisible, offensant, diffamatoire, raciste ou inappropri\u00e9 ;<\/p>\n<p><strong>4.1.3<\/strong> impliquer des logiciels nuisibles ou des virus ;<\/p>\n<p><strong>4.1.4<\/strong> Enfreindre les lois ;<\/p>\n<p><strong>4.1.5<\/strong> Interf\u00e9rer avec l&rsquo;utilisation du site web ou des services par d&rsquo;autres utilisateurs.<\/p>\n<h3>5. Droits de propri\u00e9t\u00e9 intellectuelle<\/h3>\n<p><strong>5.1<\/strong> Tout le contenu de notre site web, tel que les textes, les graphiques, les logos et les logiciels, est notre propri\u00e9t\u00e9 ou appartient \u00e0 nos conc\u00e9dants de licence et est prot\u00e9g\u00e9 par les lois sur la propri\u00e9t\u00e9 intellectuelle.<\/p>\n<p><strong>5.2<\/strong> L&rsquo;utilisation de notre site web et de nos services ne vous conf\u00e8re aucun droit concernant nos droits de propri\u00e9t\u00e9 intellectuelle ou ceux de tiers.<\/p>\n<h3>6. Limitation de la responsabilit\u00e9<\/h3>\n<p><strong>6.1<\/strong> Le site web et les services sont propos\u00e9s \u00ab\u00a0en l&rsquo;\u00e9tat\u00a0\u00bb et \u00ab\u00a0selon les disponibilit\u00e9s\u00a0\u00bb. Nous ne donnons aucune garantie, explicite ou implicite, quant \u00e0 la pr\u00e9cision, la fiabilit\u00e9, l&rsquo;ad\u00e9quation ou la disponibilit\u00e9 du site web, des services ou des graphiques connexes pr\u00e9sent\u00e9s sur le site web.<\/p>\n<p><strong>6.2<\/strong> Nous ne serons pas tenus responsables de toute perte ou de tout dommage, y compris, mais sans s&rsquo;y limiter, de toute perte ou de tout dommage indirect ou cons\u00e9cutif, r\u00e9sultant de l&rsquo;utilisation de notre site web ou de nos services ou li\u00e9 \u00e0 cette utilisation.<\/p>\n<h3>7. Services ou contenus de tiers<\/h3>\n<p><strong>7.1<\/strong> Nos services peuvent comprendre du contenu ou des services fournis par des tiers. Nous ne contr\u00f4lons pas, n&rsquo;approuvons pas et n&rsquo;assumons pas la responsabilit\u00e9 de ces contenus ou services.<\/p>\n<h3>8. Liens vers des sites web externes<\/h3>\n<p><strong>8.1<\/strong> Notre site web peut contenir des liens vers des sites web de tiers. Ces liens sont propos\u00e9s pour votre commodit\u00e9. Nous n&rsquo;avons aucun contr\u00f4le et n&rsquo;assumons aucune responsabilit\u00e9 quant au contenu de ces sites ou ressources.<\/p>\n<h3>9. Modifications des pr\u00e9sentes conditions<\/h3>\n<p><strong>9.1<\/strong> Nous nous r\u00e9servons le droit de modifier les pr\u00e9sentes conditions \u00e0 tout moment. Nous vous informerons de toute modification en publiant les conditions mises \u00e0 jour sur cette page.<\/p>\n<p><strong>9.2<\/strong> Il est recommand\u00e9 de consulter r\u00e9guli\u00e8rement les pr\u00e9sentes conditions pour prendre connaissance de tout changement \u00e9ventuel. Les modifications apport\u00e9es aux pr\u00e9sentes conditions entrent en vigueur d\u00e8s leur publication sur cette page.<\/p>\n<h3>10. R\u00e9siliation<\/h3>\n<p><strong>10.1<\/strong> Nous nous r\u00e9servons le droit de r\u00e9silier ou de suspendre imm\u00e9diatement votre acc\u00e8s \u00e0 notre site web et \u00e0 nos services, sans pr\u00e9avis ni responsabilit\u00e9, pour quelque raison que ce soit, y compris, mais sans s&rsquo;y limiter, en cas de violation des pr\u00e9sentes conditions.<\/p>\n<h3>11. Droit applicable et juridiction<\/h3>\n<p><strong>11.1<\/strong> Les pr\u00e9sentes conditions seront interpr\u00e9t\u00e9es et r\u00e9gies par les lois de la juridiction dans laquelle notre soci\u00e9t\u00e9 op\u00e8re, sans tenir compte des dispositions relatives aux conflits de lois.<\/p>\n<p><strong>11.2<\/strong> Vous acceptez la comp\u00e9tence exclusive des tribunaux situ\u00e9s dans la juridiction de notre soci\u00e9t\u00e9, pour la r\u00e9solution de tout litige d\u00e9coulant des pr\u00e9sentes conditions ou du site web ou des services.<\/p>\n<h3>12. Informations sur les contacts<\/h3>\n<p><strong>12.1<\/strong> Si vous avez des questions concernant les pr\u00e9sentes conditions, veuillez nous contacter \u00e0 l&rsquo;adresse <a href=\"mailto:support@immediateedgeapp.org\">support@immediateedgeapp.org<\/a>.<\/p>\n","protected":false},"excerpt":{"rendered":"<p>1. Introduction 1.1 Bienvenue sur le site immediateedgeapp.org (le \u00ab\u00a0site web\u00a0\u00bb). Vous pouvez nous contacter \u00e0 l&rsquo;adresse support@immediateedgeapp.org pour toute question. 1.2 Notre site Web donne un aper\u00e7u de diverses plates-formes de n\u00e9gociation (\u00ab\u00a0plates-formes de n\u00e9gociation\u00a0\u00bb) propos\u00e9es par des tiers et des services connexes (les \u00ab\u00a0services\u00a0\u00bb). 1.3 Les conditions g\u00e9n\u00e9rales suivantes (\u00ab\u00a0conditions\u00a0\u00bb) r\u00e9gissent votre utilisation<a href=\"https:\/\/oilprofit.dev\/fr\/conditions-dutilisation\/\">Continue reading <span class=\"sr-only\">\u00ab\u00a0Conditions d&rsquo;utilisation\u00a0\u00bb<\/span><\/a><\/p>\n","protected":false},"author":12,"featured_media":0,"parent":0,"menu_order":0,"comment_status":"closed","ping_status":"closed","template":"","meta":{"footnotes":""},"class_list":["post-1646","page","type-page","status-publish","hentry"],"acf":[],"_links":{"self":[{"href":"https:\/\/oilprofit.dev\/fr\/wp-json\/wp\/v2\/pages\/1646","targetHints":{"allow":["GET"]}}],"collection":[{"href":"https:\/\/oilprofit.dev\/fr\/wp-json\/wp\/v2\/pages"}],"about":[{"href":"https:\/\/oilprofit.dev\/fr\/wp-json\/wp\/v2\/types\/page"}],"author":[{"embeddable":true,"href":"https:\/\/oilprofit.dev\/fr\/wp-json\/wp\/v2\/users\/12"}],"replies":[{"embeddable":true,"href":"https:\/\/oilprofit.dev\/fr\/wp-json\/wp\/v2\/comments?post=1646"}],"version-history":[{"count":1,"href":"https:\/\/oilprofit.dev\/fr\/wp-json\/wp\/v2\/pages\/1646\/revisions"}],"predecessor-version":[{"id":2353,"href":"https:\/\/oilprofit.dev\/fr\/wp-json\/wp\/v2\/pages\/1646\/revisions\/2353"}],"wp:attachment":[{"href":"https:\/\/oilprofit.dev\/fr\/wp-json\/wp\/v2\/media?parent=1646"}],"curies":[{"name":"wp","href":"https:\/\/api.w.org\/{rel}","templated":true}]}}