{"id":1632,"date":"2023-07-20T13:48:36","date_gmt":"2023-07-20T13:48:36","guid":{"rendered":"https:\/\/oilprofit.dev\/condizioni-di-utilizzo\/"},"modified":"2023-10-23T11:46:48","modified_gmt":"2023-10-23T11:46:48","slug":"condizioni-di-utilizzo","status":"publish","type":"page","link":"https:\/\/oilprofit.dev\/it\/condizioni-di-utilizzo\/","title":{"rendered":"Condizioni di utilizzo"},"content":{"rendered":"<h3>1. Introduzione<\/h3>\n<p><strong>1.1<\/strong> Benvenuti su immediateedgeapp.org (il &#8220;Sito web&#8221;). Per qualsiasi domanda potete contattarci all&#8217;indirizzo <a href=\"mailto:support@immediateedgeapp.org\">support@immediateedgeapp.org<\/a>.<\/p>\n<p><strong>1.2<\/strong> Il nostro sito web fornisce approfondimenti su varie piattaforme di trading (&#8220;Piattaforme di trading&#8221;) offerte da terzi e sui relativi servizi (i &#8220;Servizi&#8221;).<\/p>\n<p><strong>1.3<\/strong> I seguenti termini e condizioni (&#8220;Termini&#8221;) regolano l&#8217;utilizzo da parte dell&#8217;utente (&#8220;Utente&#8221;, &#8220;Suo&#8221; o &#8220;Utente&#8221;) del nostro sito web e dei nostri servizi. Si prega di leggere attentamente le presenti Condizioni. Accedendo o utilizzando il nostro sito web e i nostri servizi, l&#8217;utente accetta le presenti Condizioni. Se l&#8217;utente non \u00e8 d&#8217;accordo con una qualsiasi parte dei presenti Termini, \u00e8 pregato di non utilizzare il nostro Sito web e i nostri Servizi.<\/p>\n<p><strong>1.4<\/strong> La nostra Informativa sulla privacy \u00e8 parte integrante dei presenti Termini. L&#8217;accettazione delle presenti Condizioni implica l&#8217;accettazione e il consenso alla nostra <a href=\"https:\/\/oilprofit.dev\/it\/informativa-sulla-privacy\/\">Informativa sulla privacy<\/a>.<\/p>\n<h3>2. Idoneit\u00e0 dell&#8217;utente<\/h3>\n<p><strong>2.1<\/strong> \u00c8 possibile accedere al Sito e ai Servizi se:<\/p>\n<p><strong>2.1.1<\/strong> Hanno 18 anni o pi\u00f9;<\/p>\n<p><strong>2.1.2<\/strong> avere il diritto legale, l&#8217;autorit\u00e0 e la capacit\u00e0 di accettare e rispettare i presenti Termini;<\/p>\n<p><strong>2.1.3<\/strong> non sia legalmente impedito l&#8217;uso del nostro Sito web e dei nostri Servizi nella propria giurisdizione locale.<\/p>\n<h3>3. Limitazioni di accesso<\/h3>\n<p><strong>3.1<\/strong> Alcune aree o utenti possono avere un accesso limitato al nostro sito web e ai nostri servizi se lo riteniamo necessario per motivi legali, normativi o di gestione del rischio.<\/p>\n<p><strong>3.2<\/strong> Gli utenti di determinati Paesi possono essere soggetti a requisiti o condizioni aggiuntive. Se l&#8217;utente si trova in uno dei territori ad accesso limitato, il nostro sito web e i nostri servizi potrebbero non essere accessibili o essere bloccati.<\/p>\n<h3>4. Azioni vietate<\/h3>\n<p><strong>4.1<\/strong> Quando si utilizzano il nostro Sito e i nostri Servizi, astenersi da azioni che:<\/p>\n<p><strong>4.1.1<\/strong> Violare qualsiasi diritto, compresi i diritti di propriet\u00e0 intellettuale, i diritti alla privacy o altri diritti;<\/p>\n<p><strong>4.1.2<\/strong> Includere contenuti dannosi, offensivi, diffamatori, razzisti o inadatti;<\/p>\n<p><strong>4.1.3<\/strong> Coinvolgere software dannoso o virus;<\/p>\n<p><strong>4.1.4<\/strong> infrangere qualsiasi legge;<\/p>\n<p><strong>4.1.5<\/strong> interferire con l&#8217;utilizzo del Sito o dei Servizi da parte di altri Utenti.<\/p>\n<h3>5. Diritti di propriet\u00e0 intellettuale<\/h3>\n<p><strong>5.1<\/strong> Tutti i contenuti del nostro Sito, come testi, grafici, loghi e software, sono di nostra propriet\u00e0 o appartengono ai nostri licenziatari e sono tutelati dalle leggi sulla propriet\u00e0 intellettuale.<\/p>\n<p><strong>5.2<\/strong> L&#8217;uso del nostro Sito e dei nostri Servizi non vi garantisce alcun diritto sui nostri diritti di propriet\u00e0 intellettuale o su quelli di terzi.<\/p>\n<h3>6. Limitazione di responsabilit\u00e0<\/h3>\n<p><strong>6.1<\/strong> Il Sito e i Servizi sono offerti &#8220;cos\u00ec come sono&#8221; e &#8220;come disponibili&#8221;. Non forniamo alcuna garanzia, esplicita o implicita, circa la precisione, l&#8217;affidabilit\u00e0, l&#8217;idoneit\u00e0 o la disponibilit\u00e0 del sito web, dei servizi o della relativa grafica presente sul sito web.<\/p>\n<p><strong>6.2<\/strong> Non saremo ritenuti responsabili per qualsiasi perdita o danno, inclusi, senza limitazioni, perdite o danni indiretti o consequenziali, derivanti da o correlati all&#8217;utilizzo del nostro Sito web o dei Servizi.<\/p>\n<h3>7. Servizi o contenuti di terze parti<\/h3>\n<p><strong>7.1<\/strong> I nostri Servizi possono includere contenuti o servizi forniti da terzi. Non controlliamo, non appoggiamo n\u00e9 ci assumiamo la responsabilit\u00e0 per tali contenuti o servizi.<\/p>\n<h3>8. Link a siti web esterni<\/h3>\n<p><strong>8.1<\/strong> Il nostro sito web pu\u00f2 contenere link a siti web di terzi. Questi link sono offerti per comodit\u00e0. Non abbiamo alcun controllo e non ci assumiamo alcuna responsabilit\u00e0 per il contenuto di tali siti web o risorse.<\/p>\n<h3>9. Modifiche ai presenti Termini<\/h3>\n<p><strong>9.1<\/strong> Ci riserviamo il diritto di modificare le presenti Condizioni in qualsiasi momento. Vi informeremo di eventuali modifiche pubblicando i Termini aggiornati su questa pagina.<\/p>\n<p><strong>9.2<\/strong> Si consiglia di rivedere periodicamente le presenti Condizioni per verificare eventuali modifiche. Le modifiche alle presenti Condizioni entrano in vigore al momento della loro pubblicazione su questa pagina.<\/p>\n<h3>10. Terminazione<\/h3>\n<p><strong>10.1<\/strong> Ci riserviamo il diritto di interrompere o sospendere immediatamente l&#8217;accesso dell&#8217;utente al nostro Sito web e ai nostri Servizi, senza preavviso o responsabilit\u00e0, per qualsiasi motivo, inclusa, a titolo esemplificativo, la violazione dei presenti Termini.<\/p>\n<h3>11. Legge applicabile e giurisdizione<\/h3>\n<p><strong>11.1<\/strong> Le presenti Condizioni saranno interpretate e regolate dalle leggi della giurisdizione in cui opera la nostra societ\u00e0, senza tener conto delle disposizioni in materia di conflitto di leggi.<\/p>\n<p><strong>11.2<\/strong> L&#8217;utente acconsente alla giurisdizione esclusiva dei tribunali situati all&#8217;interno della giurisdizione della nostra societ\u00e0, per la risoluzione di eventuali controversie derivanti dai presenti Termini o dal Sito web o dai Servizi.<\/p>\n<h3>12. Informazioni di contatto<\/h3>\n<p><strong>12.1<\/strong> In caso di domande sui presenti Termini, si prega di contattarci all&#8217;indirizzo <a href=\"mailto:support@immediateedgeapp.org\">support@immediateedgeapp.org.<\/a><\/p>\n","protected":false},"excerpt":{"rendered":"<p>1. Introduzione 1.1 Benvenuti su immediateedgeapp.org (il &#8220;Sito web&#8221;). Per qualsiasi domanda potete contattarci all&#8217;indirizzo support@immediateedgeapp.org. 1.2 Il nostro sito web fornisce approfondimenti su varie piattaforme di trading (&#8220;Piattaforme di trading&#8221;) offerte da terzi e sui relativi servizi (i &#8220;Servizi&#8221;). 1.3 I seguenti termini e condizioni (&#8220;Termini&#8221;) regolano l&#8217;utilizzo da parte dell&#8217;utente (&#8220;Utente&#8221;, &#8220;Suo&#8221; o<a href=\"https:\/\/oilprofit.dev\/it\/condizioni-di-utilizzo\/\">Continue reading <span class=\"sr-only\">&#8220;Condizioni di utilizzo&#8221;<\/span><\/a><\/p>\n","protected":false},"author":12,"featured_media":0,"parent":0,"menu_order":0,"comment_status":"closed","ping_status":"closed","template":"","meta":{"footnotes":""},"class_list":["post-1632","page","type-page","status-publish","hentry"],"acf":[],"_links":{"self":[{"href":"https:\/\/oilprofit.dev\/it\/wp-json\/wp\/v2\/pages\/1632","targetHints":{"allow":["GET"]}}],"collection":[{"href":"https:\/\/oilprofit.dev\/it\/wp-json\/wp\/v2\/pages"}],"about":[{"href":"https:\/\/oilprofit.dev\/it\/wp-json\/wp\/v2\/types\/page"}],"author":[{"embeddable":true,"href":"https:\/\/oilprofit.dev\/it\/wp-json\/wp\/v2\/users\/12"}],"replies":[{"embeddable":true,"href":"https:\/\/oilprofit.dev\/it\/wp-json\/wp\/v2\/comments?post=1632"}],"version-history":[{"count":1,"href":"https:\/\/oilprofit.dev\/it\/wp-json\/wp\/v2\/pages\/1632\/revisions"}],"predecessor-version":[{"id":2355,"href":"https:\/\/oilprofit.dev\/it\/wp-json\/wp\/v2\/pages\/1632\/revisions\/2355"}],"wp:attachment":[{"href":"https:\/\/oilprofit.dev\/it\/wp-json\/wp\/v2\/media?parent=1632"}],"curies":[{"name":"wp","href":"https:\/\/api.w.org\/{rel}","templated":true}]}}