{"id":1644,"date":"2023-07-20T13:48:36","date_gmt":"2023-07-20T13:48:36","guid":{"rendered":"https:\/\/oilprofit.dev\/naudojimo-salygos\/"},"modified":"2023-10-23T11:46:45","modified_gmt":"2023-10-23T11:46:45","slug":"naudojimo-salygos","status":"publish","type":"page","link":"https:\/\/oilprofit.dev\/lt\/naudojimo-salygos\/","title":{"rendered":"Naudojimo s\u0105lygos"},"content":{"rendered":"<h3>1. \u012evadas<\/h3>\n<p><strong>1.1<\/strong> Sveiki atvyk\u0119 \u012f immediateedgeapp.org (&#8222;Svetain\u0117&#8221;). Jei turite klausim\u0173, galite susisiekti su mumis adresu <a href=\"mailto:support@immediateedgeapp.org\">support@immediateedgeapp.org<\/a>.<\/p>\n<p><strong>1.2<\/strong> M\u016bs\u0173 Svetain\u0117je pateikiama informacija apie \u012fvairias tre\u010di\u0173j\u0173 \u0161ali\u0173 si\u016blomas prekybos platformas (toliau &#8211; Prekybos platformos) ir susijusias paslaugas (toliau &#8211; Paslaugos).<\/p>\n<p><strong>1.3<\/strong> Toliau pateikiamos Taisykl\u0117s ir s\u0105lygos (toliau &#8211; &#8222;Taisykl\u0117s&#8221;) reglamentuoja j\u016bs\u0173 (toliau &#8211; &#8222;J\u016bs&#8221;, &#8222;J\u016bs\u0173&#8221; arba &#8222;Naudotojas&#8221;) naudojim\u0105si m\u016bs\u0173 Svetaine ir Paslaugomis. Atid\u017eiai perskaitykite \u0161ias s\u0105lygas. Prisijungdami prie m\u016bs\u0173 Svetain\u0117s ir Paslaug\u0173 arba jomis naudodamiesi, sutinkate su \u0161iomis S\u0105lygomis. Jei nesutinkate su bet kuria \u0161i\u0173 S\u0105lyg\u0173 dalimi, nesinaudokite m\u016bs\u0173 Svetaine ir Paslaugomis.<\/p>\n<p><strong>1.4<\/strong> M\u016bs\u0173 privatumo politika yra neatskiriama \u0161i\u0173 S\u0105lyg\u0173 dalis. Sutikdami su \u0161iomis S\u0105lygomis, j\u016bs sutinkate ir sutinkate su m\u016bs\u0173 <a href=\"https:\/\/oilprofit.dev\/privacy-policy\/\">privatumo politika<\/a>.<\/p>\n<h3>2. Vartotojo tinkamumas<\/h3>\n<p><strong>2.1<\/strong> Galite naudotis Svetaine ir Paslaugomis, jei:<\/p>\n<p><strong>2.1.1<\/strong> Yra 18 met\u0173 ar vyresni;<\/p>\n<p><strong>2.1.2<\/strong> Tur\u0117ti teisin\u0119 teis\u0119, \u012fgaliojimus ir geb\u0117jim\u0105 sutikti su \u0161iomis S\u0105lygomis ir j\u0173 laikytis;<\/p>\n<p><strong>2.1.3<\/strong> Jums n\u0117ra teisi\u0161kai draud\u017eiama naudotis m\u016bs\u0173 Svetaine ir Paslaugomis pagal j\u016bs\u0173 vietin\u0119 jurisdikcij\u0105.<\/p>\n<h3>3. Prieigos apribojimai<\/h3>\n<p><strong>3.1<\/strong> Tam tikros sritys ar naudotojai gali tur\u0117ti ribot\u0105 prieig\u0105 prie m\u016bs\u0173 Svetain\u0117s ir Paslaug\u0173, jei manome, kad tai b\u016btina d\u0117l teisini\u0173, reguliavimo ar rizikos valdymo prie\u017eas\u010di\u0173.<\/p>\n<p><strong>3.2<\/strong> Naudotojams i\u0161 tam tikr\u0173 \u0161ali\u0173 gali b\u016bti taikomi papildomi reikalavimai ar s\u0105lygos. Jei esate bet kurioje i\u0161 ribotos prieigos teritorij\u0173, m\u016bs\u0173 Svetain\u0117 ir Paslaugos gali b\u016bti nepasiekiamos arba gali b\u016bti blokuojamos.<\/p>\n<h3>4. Draud\u017eiami veiksmai<\/h3>\n<p><strong>4.1<\/strong> Naudodamiesi m\u016bs\u0173 Svetaine ir Paslaugomis susilaikykite nuo veiksm\u0173, kurie:<\/p>\n<p><strong>4.1<\/strong>.1 pa\u017eeid\u017eia bet kokias teises, \u012fskaitant intelektin\u0117s nuosavyb\u0117s, privatumo ar kitas teises;<\/p>\n<p><strong>4.1.2<\/strong> \u012etraukti kenksmingo, \u012f\u017eeid\u017eian\u010dio, \u0161mei\u017eiki\u0161ko, rasistinio ar netinkamo turinio;<\/p>\n<p><strong>4.1.3<\/strong> Naudoti kenksming\u0105 programin\u0119 \u012frang\u0105 ar virusus;<\/p>\n<p><strong>4.1.4<\/strong> Pa\u017eeisti bet kokius \u012fstatymus;<\/p>\n<p><strong>4.1.5<\/strong> Trukdyti kitiems Naudotojams naudotis Svetaine ar Paslaugomis.<\/p>\n<h3>5. Intelektin\u0117s nuosavyb\u0117s teis\u0117s<\/h3>\n<p><strong>5.1<\/strong> Visas m\u016bs\u0173 Svetain\u0117s turinys, pavyzd\u017eiui, tekstas, grafika, logotipai ir programin\u0117 \u012franga, yra m\u016bs\u0173 nuosavyb\u0117 arba priklauso m\u016bs\u0173 licencij\u0173 teik\u0117jams ir yra saugomas intelektin\u0117s nuosavyb\u0117s \u012fstatym\u0173.<\/p>\n<p><strong>5.2<\/strong> Naudojimasis m\u016bs\u0173 Svetaine ir Paslaugomis nesuteikia jums joki\u0173 teisi\u0173, susijusi\u0173 su m\u016bs\u0173 ar tre\u010di\u0173j\u0173 \u0161ali\u0173 intelektin\u0117s nuosavyb\u0117s teis\u0117mis.<\/p>\n<h3>6. Atsakomyb\u0117s apribojimas<\/h3>\n<p><strong>6.1<\/strong> Svetain\u0117 ir Paslaugos si\u016blomos &#8222;kaip yra&#8221; ir &#8222;kaip galima&#8221;. Nesuteikiame joki\u0173 ai\u0161ki\u0173 ar numanom\u0173 garantij\u0173 d\u0117l Svetain\u0117s, Paslaug\u0173 ar susijusios grafikos, pateikiamos Svetain\u0117je, tikslumo, patikimumo, tinkamumo ar prieinamumo.<\/p>\n<p><strong>6.2<\/strong> Mes neb\u016bsime atsakingi u\u017e bet kokius nuostolius ar \u017eal\u0105, \u012fskaitant, bet neapsiribojant, netiesioginius ar netiesioginius nuostolius ar \u017eal\u0105, atsiradusius d\u0117l naudojimosi m\u016bs\u0173 Svetaine ar Paslaugomis arba su jomis susijusius.<\/p>\n<h3>7. Tre\u010di\u0173j\u0173 \u0161ali\u0173 paslaugos ar turinys<\/h3>\n<p><strong>7.1<\/strong> M\u016bs\u0173 Paslaugos gali apimti tre\u010di\u0173j\u0173 \u0161ali\u0173 teikiam\u0105 turin\u012f ar paslaugas. Mes nekontroliuojame, nepatvirtiname ir neprisiimame atsakomyb\u0117s u\u017e tok\u012f turin\u012f ar paslaugas.<\/p>\n<h3>8. I\u0161or\u0117s svetaini\u0173 nuorodos<\/h3>\n<p><strong>8.1<\/strong> M\u016bs\u0173 Svetain\u0117je gali b\u016bti nuorod\u0173 \u012f tre\u010di\u0173j\u0173 \u0161ali\u0173 svetaines. \u0160ios nuorodos pateikiamos j\u016bs\u0173 patogumui. Mes nekontroliuojame ir neprisiimame jokios atsakomyb\u0117s u\u017e \u0161i\u0173 svetaini\u0173 ar i\u0161tekli\u0173 turin\u012f.<\/p>\n<h3>9. \u0160i\u0173 s\u0105lyg\u0173 pakeitimai<\/h3>\n<p><strong>9.1<\/strong> Mes pasiliekame teis\u0119 bet kuriuo metu keisti \u0161ias S\u0105lygas. Apie bet kokius pakeitimus jus informuosime paskelbdami atnaujintas S\u0105lygas \u0161iame puslapyje.<\/p>\n<p><strong>9.2<\/strong> Rekomenduojama periodi\u0161kai per\u017ei\u016br\u0117ti \u0161ias S\u0105lygas, kad su\u017einotum\u0117te apie bet kokius j\u0173 pakeitimus. \u0160i\u0173 S\u0105lyg\u0173 pakeitimai \u012fsigalioja juos paskelbus \u0161iame puslapyje.<\/p>\n<h3>10. Nutraukimas<\/h3>\n<p><strong>10.1<\/strong> Pasiliekame teis\u0119 nedelsiant, be i\u0161ankstinio \u012fsp\u0117jimo ar atsakomyb\u0117s, nutraukti ar sustabdyti j\u016bs\u0173 prieig\u0105 prie m\u016bs\u0173 Svetain\u0117s ir Paslaug\u0173 d\u0117l bet kokios prie\u017easties, \u012fskaitant, bet neapsiribojant, \u0161i\u0173 S\u0105lyg\u0173 pa\u017eeidim\u0105.<\/p>\n<h3>11. Taikytina teis\u0117 ir jurisdikcija<\/h3>\n<p><strong>11.1<\/strong> \u0160ios S\u0105lygos bus ai\u0161kinamos ir reglamentuojamos pagal jurisdikcijos, kurioje veikia m\u016bs\u0173 bendrov\u0117, \u012fstatymus, neatsi\u017evelgiant \u012f j\u0173 kolizines nuostatas.<\/p>\n<p><strong>11.2<\/strong> J\u016bs sutinkate, kad bet kokie gin\u010dai, kylantys d\u0117l \u0161i\u0173 S\u0105lyg\u0173, Svetain\u0117s ar Paslaug\u0173, b\u016bt\u0173 sprend\u017eiami tik m\u016bs\u0173 \u012fmon\u0117s jurisdikcijoje esan\u010diuose teismuose.<\/p>\n<h3>12. Kontaktin\u0117 informacija<\/h3>\n<p><strong>12.1<\/strong> Jei turite koki\u0173 nors klausim\u0173 d\u0117l \u0161i\u0173 S\u0105lyg\u0173, kreipkit\u0117s \u012f mus adresu <a href=\"mailto:support@immediateedgeapp.org\">support@immediateedgeapp.org<\/a>.<\/p>\n","protected":false},"excerpt":{"rendered":"<p>1. \u012evadas 1.1 Sveiki atvyk\u0119 \u012f immediateedgeapp.org (&#8222;Svetain\u0117&#8221;). Jei turite klausim\u0173, galite susisiekti su mumis adresu support@immediateedgeapp.org. 1.2 M\u016bs\u0173 Svetain\u0117je pateikiama informacija apie \u012fvairias tre\u010di\u0173j\u0173 \u0161ali\u0173 si\u016blomas prekybos platformas (toliau &#8211; Prekybos platformos) ir susijusias paslaugas (toliau &#8211; Paslaugos). 1.3 Toliau pateikiamos Taisykl\u0117s ir s\u0105lygos (toliau &#8211; &#8222;Taisykl\u0117s&#8221;) reglamentuoja j\u016bs\u0173 (toliau &#8211; &#8222;J\u016bs&#8221;, &#8222;J\u016bs\u0173&#8221; arba<a href=\"https:\/\/oilprofit.dev\/lt\/naudojimo-salygos\/\">Continue reading <span class=\"sr-only\">&#8222;Naudojimo s\u0105lygos&#8221;<\/span><\/a><\/p>\n","protected":false},"author":12,"featured_media":0,"parent":0,"menu_order":0,"comment_status":"closed","ping_status":"closed","template":"","meta":{"footnotes":""},"class_list":["post-1644","page","type-page","status-publish","hentry"],"acf":[],"_links":{"self":[{"href":"https:\/\/oilprofit.dev\/lt\/wp-json\/wp\/v2\/pages\/1644","targetHints":{"allow":["GET"]}}],"collection":[{"href":"https:\/\/oilprofit.dev\/lt\/wp-json\/wp\/v2\/pages"}],"about":[{"href":"https:\/\/oilprofit.dev\/lt\/wp-json\/wp\/v2\/types\/page"}],"author":[{"embeddable":true,"href":"https:\/\/oilprofit.dev\/lt\/wp-json\/wp\/v2\/users\/12"}],"replies":[{"embeddable":true,"href":"https:\/\/oilprofit.dev\/lt\/wp-json\/wp\/v2\/comments?post=1644"}],"version-history":[{"count":1,"href":"https:\/\/oilprofit.dev\/lt\/wp-json\/wp\/v2\/pages\/1644\/revisions"}],"predecessor-version":[{"id":2344,"href":"https:\/\/oilprofit.dev\/lt\/wp-json\/wp\/v2\/pages\/1644\/revisions\/2344"}],"wp:attachment":[{"href":"https:\/\/oilprofit.dev\/lt\/wp-json\/wp\/v2\/media?parent=1644"}],"curies":[{"name":"wp","href":"https:\/\/api.w.org\/{rel}","templated":true}]}}