{"id":1640,"date":"2023-07-20T13:48:36","date_gmt":"2023-07-20T13:48:36","guid":{"rendered":"https:\/\/oilprofit.dev\/lietosanas-noteikumi\/"},"modified":"2023-10-23T11:46:53","modified_gmt":"2023-10-23T11:46:53","slug":"lietosanas-noteikumi","status":"publish","type":"page","link":"https:\/\/oilprofit.dev\/lv\/lietosanas-noteikumi\/","title":{"rendered":"Lieto\u0161anas noteikumi"},"content":{"rendered":"<h3>1. Ievads<\/h3>\n<p><strong>1.1<\/strong> Laipni l\u016bgti vietn\u0113 immediateedgeapp.org (&#8220;T\u012bmek\u013ca vietne&#8221;). Ja jums rodas k\u0101di jaut\u0101jumi, varat sazin\u0101ties ar mums pa e-pastu <a href=\"mailto:support@immediateedgeapp.org\">support@immediateedgeapp.org<\/a>.<\/p>\n<p><strong>1.2.<\/strong> M\u016bsu t\u012bmek\u013ca vietne sniedz ieskatu da\u017e\u0101d\u0101s tirdzniec\u012bbas platform\u0101s (&#8220;Tirdzniec\u012bbas platformas&#8221;), ko pied\u0101v\u0101 tre\u0161\u0101s personas, un saist\u012btos pakalpojumos (&#8220;Pakalpojumi&#8221;).<\/p>\n<p><strong>1.3<\/strong> Turpm\u0101k min\u0113tie Noteikumi un nosac\u012bjumi (&#8220;Noteikumi&#8221;) nosaka, k\u0101 J\u016bs (&#8220;J\u016bs&#8221;, &#8220;J\u016bsu&#8221; vai &#8220;Lietot\u0101js&#8221;) izmantojat m\u016bsu Vietni un Pakalpojumus. R\u016bp\u012bgi iepaz\u012bstieties ar \u0161iem Noteikumiem. Piek\u013c\u016bstot vai izmantojot m\u016bsu T\u012bmek\u013ca vietni un Pakalpojumus, j\u016bs piekr\u012btat \u0161iem Noteikumiem. Ja nepiekr\u012btat k\u0101dai \u0161o Noteikumu da\u013cai, l\u016bdzu, neizmantojiet m\u016bsu T\u012bmek\u013ca vietni un Pakalpojumus.<\/p>\n<p><strong>1.4<\/strong> M\u016bsu konfidencialit\u0101tes politika ir \u0161o Noteikumu neat\u0146emama sast\u0101vda\u013ca. \u0160o Noteikumu pie\u0146em\u0161ana noz\u012bm\u0113, ka j\u016bs piekr\u012btat un piekr\u012btat m\u016bsu <a href=\"https:\/\/oilprofit.dev\/privacy-policy\/\">Konfidencialit\u0101tes politikai<\/a>.<\/p>\n<h3>2. Lietot\u0101ja atbilst\u012bba<\/h3>\n<p><strong>2.1<\/strong> J\u016bs varat piek\u013c\u016bt T\u012bmek\u013ca vietnei un Pakalpojumiem, ja:<\/p>\n<p><strong>2.1.1<\/strong> Ir 18 gadus veci vai vec\u0101ki;<\/p>\n<p><strong>2.1.2<\/strong> ir likum\u012bgas ties\u012bbas, pilnvaras un sp\u0113ja pie\u0146emt un iev\u0113rot \u0161os Noteikumus;<\/p>\n<p><strong>2.1.3<\/strong> Jums nav juridisku aizliegumu izmantot m\u016bsu T\u012bmek\u013ca vietni un Pakalpojumus saska\u0146\u0101 ar J\u016bsu viet\u0113jo jurisdikciju.<\/p>\n<h3>3. Piek\u013cuves ierobe\u017eojumi<\/h3>\n<p><strong>3.1<\/strong>. Noteikt\u0101m jom\u0101m vai lietot\u0101jiem var b\u016bt ierobe\u017eota piek\u013cuve m\u016bsu T\u012bmek\u013ca vietnei un Pakalpojumiem, ja m\u0113s to uzskat\u0101m par nepiecie\u0161amu juridisku, regulat\u012bvu vai riska p\u0101rvald\u012bbas iemeslu d\u0113\u013c.<\/p>\n<p><strong>3.2.<\/strong> Uz lietot\u0101jiem no konkr\u0113t\u0101m valst\u012bm var attiekties papildu pras\u012bbas vai nosac\u012bjumi. Ja atrodaties k\u0101d\u0101 no Ierobe\u017eotas piek\u013cuves teritorij\u0101m, m\u016bsu T\u012bmek\u013ca vietne un Pakalpojumi var neb\u016bt pieejami vai var b\u016bt blo\u0137\u0113ti.<\/p>\n<h3>4. Aizliegt\u0101s darb\u012bbas<\/h3>\n<p><strong>4.1<\/strong> Izmantojot m\u016bsu T\u012bmek\u013ca vietni un Pakalpojumus, atturieties no darb\u012bb\u0101m, kas:<\/p>\n<p><strong>4.1<\/strong>.1 P\u0101rk\u0101pt jebk\u0101das ties\u012bbas, tostarp intelektu\u0101l\u0101 \u012bpa\u0161uma ties\u012bbas, priv\u0101tuma ties\u012bbas vai citas ties\u012bbas;<\/p>\n<p><strong>4.1.2<\/strong> iek\u013caut kait\u012bgu, aizskaro\u0161u, apmelojo\u0161u, rasistisku vai nepiem\u0113rotu saturu;<\/p>\n<p><strong>4.1.3<\/strong> Iesaist\u012bt kait\u012bgu programmat\u016bru vai v\u012brusus;<\/p>\n<p><strong>4.1.4<\/strong> P\u0101rk\u0101pt likumus;<\/p>\n<p><strong>4.1.5<\/strong> Trauc\u0113t citiem Lietot\u0101jiem izmantot Vietni vai Pakalpojumus.<\/p>\n<h3>5. Intelektu\u0101l\u0101 \u012bpa\u0161uma ties\u012bbas<\/h3>\n<p><strong>5.1<\/strong> Viss m\u016bsu T\u012bmek\u013ca vietnes saturs, piem\u0113ram, teksts, grafika, logotipi un programmat\u016bra, ir m\u016bsu \u012bpa\u0161ums vai pieder m\u016bsu licences dev\u0113jiem, un to aizsarg\u0101 intelektu\u0101l\u0101 \u012bpa\u0161uma ties\u012bbu akti.<\/p>\n<p><strong>5.2<\/strong> M\u016bsu T\u012bmek\u013ca vietnes un Pakalpojumu izmanto\u0161ana nepie\u0161\u0137ir jums nek\u0101das ties\u012bbas attiec\u012bb\u0101 uz m\u016bsu vai tre\u0161o personu intelektu\u0101l\u0101 \u012bpa\u0161uma ties\u012bb\u0101m.<\/p>\n<h3>6. Atbild\u012bbas ierobe\u017eojumi<\/h3>\n<p><strong>6.1<\/strong> T\u012bmek\u013ca vietne un Pakalpojumi tiek pied\u0101v\u0101ti &#8220;t\u0101di, k\u0101di ir&#8221; un &#8220;t\u0101di, k\u0101di ir pieejami&#8221;. M\u0113s nesniedzam nek\u0101das tie\u0161as vai netie\u0161as garantijas par T\u012bmek\u013ca vietnes, Pakalpojumu vai saist\u012bt\u0101s grafikas, kas par\u0101d\u0101s T\u012bmek\u013ca vietn\u0113, precizit\u0101ti, uzticam\u012bbu, piem\u0113rot\u012bbu vai pieejam\u012bbu.<\/p>\n<p><strong>6.2<\/strong> M\u0113s neuz\u0146emsimies atbild\u012bbu par jebk\u0101diem zaud\u0113jumiem vai boj\u0101jumiem, tostarp, bet ne tikai, netie\u0161iem vai izrieto\u0161iem zaud\u0113jumiem vai boj\u0101jumiem, kas radu\u0161ies m\u016bsu T\u012bmek\u013ca vietnes vai Pakalpojumu lieto\u0161anas rezult\u0101t\u0101 vai saist\u012bb\u0101 ar tiem.<\/p>\n<h3>7. Tre\u0161o pu\u0161u pakalpojumi vai saturs<\/h3>\n<p><strong>7.1<\/strong> M\u016bsu Pakalpojumi var ietvert saturu vai pakalpojumus, ko sniedz tre\u0161\u0101s puses. M\u0113s nekontrol\u0113jam, neatbalst\u0101m un neuz\u0146emamies atbild\u012bbu par \u0161\u0101du saturu vai pakalpojumiem.<\/p>\n<h3>8. \u0100r\u0113jo viet\u0146u saites<\/h3>\n<p><strong>8.1<\/strong> M\u016bsu T\u012bmek\u013ca vietn\u0113 var b\u016bt saites uz tre\u0161o personu t\u012bmek\u013ca vietn\u0113m. \u0160\u012bs saites tiek pied\u0101v\u0101tas j\u016bsu \u0113rt\u012bbai. M\u0113s nekontrol\u0113jam un neuz\u0146emamies nek\u0101du atbild\u012bbu par \u0161o viet\u0146u vai resursu saturu.<\/p>\n<h3>9. \u0160o noteikumu groz\u012bjumi<\/h3>\n<p><strong>9.1<\/strong> M\u0113s paturam ties\u012bbas jebkur\u0101 laik\u0101 main\u012bt \u0161os Noteikumus. Par jebk\u0101d\u0101m izmai\u0146\u0101m m\u0113s j\u016bs inform\u0113sim, public\u0113jot atjaunin\u0101tos Noteikumus \u0161aj\u0101 lap\u0101.<\/p>\n<p><strong>9.2.<\/strong> Ieteicams periodiski p\u0101rskat\u012bt \u0161os Noteikumus, lai konstat\u0113tu jebk\u0101das izmai\u0146as. Izmai\u0146as \u0161ajos Noteikumos st\u0101jas sp\u0113k\u0101 p\u0113c to public\u0113\u0161anas \u0161aj\u0101 lap\u0101.<\/p>\n<h3>10. Izbeig\u0161ana<\/h3>\n<p><strong>10.1<\/strong> M\u0113s paturam ties\u012bbas nekav\u0113joties, bez iepriek\u0161\u0113ja br\u012bdin\u0101juma vai atbild\u012bbas, p\u0101rtraukt vai aptur\u0113t j\u016bsu piek\u013cuvi m\u016bsu T\u012bmek\u013ca vietnei un Pakalpojumiem jebk\u0101da iemesla d\u0113\u013c, tostarp, bet ne tikai, \u0161o Noteikumu p\u0101rk\u0101puma gad\u012bjum\u0101.<\/p>\n<h3>11. Piem\u0113rojamie ties\u012bbu akti un jurisdikcija<\/h3>\n<p><strong>11.1<\/strong> \u0160ie Noteikumi tiks interpret\u0113ti un reglament\u0113ti saska\u0146\u0101 ar t\u0101s jurisdikcijas likumiem, kur\u0101 darbojas m\u016bsu uz\u0146\u0113mums, ne\u0146emot v\u0113r\u0101 ties\u012bbu normu kol\u012bzijas noteikumus.<\/p>\n<p><strong>11.2.<\/strong> J\u016bs piekr\u012btat, ka str\u012bdi, kas izriet no \u0161iem Noteikumiem, T\u012bmek\u013ca vietnes vai Pakalpojumiem, ir risin\u0101mi tikai m\u016bsu uz\u0146\u0113muma jurisdikcij\u0101 eso\u0161aj\u0101s ties\u0101s.<\/p>\n<h3>12. Kontaktinform\u0101cija<\/h3>\n<p><strong>12.1<\/strong> Ja jums ir k\u0101di jaut\u0101jumi par \u0161iem Noteikumiem, l\u016bdzu, sazinieties ar mums pa e-pastu <a href=\"mailto:support@immediateedgeapp.org\">support@immediateedgeapp.org<\/a>.<\/p>\n","protected":false},"excerpt":{"rendered":"<p>1. Ievads 1.1 Laipni l\u016bgti vietn\u0113 immediateedgeapp.org (&#8220;T\u012bmek\u013ca vietne&#8221;). Ja jums rodas k\u0101di jaut\u0101jumi, varat sazin\u0101ties ar mums pa e-pastu support@immediateedgeapp.org. 1.2. M\u016bsu t\u012bmek\u013ca vietne sniedz ieskatu da\u017e\u0101d\u0101s tirdzniec\u012bbas platform\u0101s (&#8220;Tirdzniec\u012bbas platformas&#8221;), ko pied\u0101v\u0101 tre\u0161\u0101s personas, un saist\u012btos pakalpojumos (&#8220;Pakalpojumi&#8221;). 1.3 Turpm\u0101k min\u0113tie Noteikumi un nosac\u012bjumi (&#8220;Noteikumi&#8221;) nosaka, k\u0101 J\u016bs (&#8220;J\u016bs&#8221;, &#8220;J\u016bsu&#8221; vai &#8220;Lietot\u0101js&#8221;) izmantojat<a href=\"https:\/\/oilprofit.dev\/lv\/lietosanas-noteikumi\/\">Continue reading <span class=\"sr-only\">&#8220;Lieto\u0161anas noteikumi&#8221;<\/span><\/a><\/p>\n","protected":false},"author":12,"featured_media":0,"parent":0,"menu_order":0,"comment_status":"closed","ping_status":"closed","template":"","meta":{"footnotes":""},"class_list":["post-1640","page","type-page","status-publish","hentry"],"acf":[],"_links":{"self":[{"href":"https:\/\/oilprofit.dev\/lv\/wp-json\/wp\/v2\/pages\/1640","targetHints":{"allow":["GET"]}}],"collection":[{"href":"https:\/\/oilprofit.dev\/lv\/wp-json\/wp\/v2\/pages"}],"about":[{"href":"https:\/\/oilprofit.dev\/lv\/wp-json\/wp\/v2\/types\/page"}],"author":[{"embeddable":true,"href":"https:\/\/oilprofit.dev\/lv\/wp-json\/wp\/v2\/users\/12"}],"replies":[{"embeddable":true,"href":"https:\/\/oilprofit.dev\/lv\/wp-json\/wp\/v2\/comments?post=1640"}],"version-history":[{"count":1,"href":"https:\/\/oilprofit.dev\/lv\/wp-json\/wp\/v2\/pages\/1640\/revisions"}],"predecessor-version":[{"id":2377,"href":"https:\/\/oilprofit.dev\/lv\/wp-json\/wp\/v2\/pages\/1640\/revisions\/2377"}],"wp:attachment":[{"href":"https:\/\/oilprofit.dev\/lv\/wp-json\/wp\/v2\/media?parent=1640"}],"curies":[{"name":"wp","href":"https:\/\/api.w.org\/{rel}","templated":true}]}}