{"id":1634,"date":"2023-07-20T13:48:36","date_gmt":"2023-07-20T13:48:36","guid":{"rendered":"https:\/\/oilprofit.dev\/warunki-uzytkowania\/"},"modified":"2023-10-23T11:46:48","modified_gmt":"2023-10-23T11:46:48","slug":"warunki-uzytkowania","status":"publish","type":"page","link":"https:\/\/oilprofit.dev\/pl\/warunki-uzytkowania\/","title":{"rendered":"Warunki u\u017cytkowania"},"content":{"rendered":"<h3>1. Wprowadzenie<\/h3>\n<p><strong>1.<\/strong> 1 Witamy na stronie immediateedgeapp.org (&#8222;Strona internetowa&#8221;). Wszelkie pytania mo\u017cna kierowa\u0107 na adres <a href=\"mailto:support@immediateedgeapp.org\">support@immediateedgeapp.org<\/a>.<\/p>\n<p><strong>1.<\/strong> 2 Nasza Witryna zapewnia wgl\u0105d w r\u00f3\u017cne platformy transakcyjne (&#8222;Platformy transakcyjne&#8221;) oferowane przez strony trzecie i powi\u0105zane us\u0142ugi (&#8222;Us\u0142ugi&#8221;).<\/p>\n<p><strong>1.<\/strong> 3 Niniejszy Regulamin (&#8222;Regulamin&#8221;) okre\u015bla zasady korzystania przez u\u017cytkownika (&#8222;U\u017cytkownik&#8221;) z naszej Witryny i Us\u0142ug. Prosimy o uwa\u017cne zapoznanie si\u0119 z niniejszym Regulaminem. Uzyskuj\u0105c dost\u0119p do naszej Witryny i Us\u0142ug lub korzystaj\u0105c z nich, u\u017cytkownik wyra\u017ca zgod\u0119 na niniejsze Warunki. Je\u015bli u\u017cytkownik nie zgadza si\u0119 z jak\u0105kolwiek cz\u0119\u015bci\u0105 niniejszych Warunk\u00f3w, prosimy o niekorzystanie z naszej Witryny i Us\u0142ug.<\/p>\n<p><strong>1.<\/strong> 4 Nasza Polityka Prywatno\u015bci stanowi integraln\u0105 cz\u0119\u015b\u0107 niniejszych Warunk\u00f3w. Akceptacja niniejszych Warunk\u00f3w oznacza akceptacj\u0119 i zgod\u0119 na nasz\u0105 <a href=\"https:\/\/oilprofit.dev\/pl\/polityka-prywatnosci\/\">Polityk\u0119 prywatno\u015bci<\/a>.<\/p>\n<h3>2. Uprawnienia u\u017cytkownika<\/h3>\n<p><strong>2.<\/strong> 1 U\u017cytkownik mo\u017ce uzyska\u0107 dost\u0119p do Witryny i Us\u0142ug, je\u015bli<\/p>\n<p><strong>2.1.<\/strong> 1 Maj\u0105 uko\u0144czone 18 lat;<\/p>\n<p><strong>2.1.<\/strong> 2 Posiada\u0107 prawo, upowa\u017cnienie i zdolno\u015b\u0107 do zaakceptowania i przestrzegania niniejszych Warunk\u00f3w;<\/p>\n<p><strong>2.1.<\/strong> 3 Nie ma prawnego zakazu korzystania z naszej Witryny i Us\u0142ug zgodnie z lokaln\u0105 jurysdykcj\u0105.<\/p>\n<h3>3. Ograniczenia dost\u0119pu<\/h3>\n<p><strong>3.<\/strong> 1 Niekt\u00f3re obszary lub u\u017cytkownicy mog\u0105 mie\u0107 ograniczony dost\u0119p do naszej Witryny i Us\u0142ug, je\u015bli uznamy to za konieczne ze wzgl\u0119d\u00f3w prawnych, regulacyjnych lub zwi\u0105zanych z zarz\u0105dzaniem ryzykiem.<\/p>\n<p><strong>3.<\/strong> 2 U\u017cytkownicy z okre\u015blonych kraj\u00f3w mog\u0105 podlega\u0107 dodatkowym wymogom lub warunkom. Je\u015bli u\u017cytkownik znajduje si\u0119 na kt\u00f3rymkolwiek z terytori\u00f3w o ograniczonym dost\u0119pie, nasza Witryna i Us\u0142ugi mog\u0105 nie by\u0107 dost\u0119pne lub mog\u0105 by\u0107 zablokowane.<\/p>\n<h3>4. Dzia\u0142ania zabronione<\/h3>\n<p><strong>4.<\/strong> 1 Korzystaj\u0105c z naszej Witryny i Us\u0142ug, nale\u017cy powstrzyma\u0107 si\u0119 od dzia\u0142a\u0144, kt\u00f3re<\/p>\n<p><strong>4.1.<\/strong> 1 Narusza\u0107 jakichkolwiek praw, w tym praw w\u0142asno\u015bci intelektualnej, praw do prywatno\u015bci lub innych praw;<\/p>\n<p><strong>4.1.<\/strong> 2 Zawiera\u0107 szkodliwych, obra\u017aliwych, znies\u0142awiaj\u0105cych, rasistowskich lub nieodpowiednich tre\u015bci;<\/p>\n<p><strong>4.1.<\/strong> 3 Zawieraj\u0105 szkodliwe oprogramowanie lub wirusy;<\/p>\n<p><strong>4.1.<\/strong> 4 \u0141amanie jakichkolwiek praw;<\/p>\n<p><strong>4.1.<\/strong> 5 Zak\u0142\u00f3canie korzystania z Witryny lub Us\u0142ug przez innych U\u017cytkownik\u00f3w.<\/p>\n<h3>5. Prawa w\u0142asno\u015bci intelektualnej<\/h3>\n<p><strong>5.<\/strong> 1 Ca\u0142a zawarto\u015b\u0107 naszej Witryny, taka jak tekst, grafika, logo i oprogramowanie, jest nasz\u0105 w\u0142asno\u015bci\u0105 lub nale\u017cy do naszych licencjodawc\u00f3w i jest chroniona prawami w\u0142asno\u015bci intelektualnej.<\/p>\n<p><strong>5.<\/strong> 2 Korzystanie z naszej Witryny i Us\u0142ug nie przyznaje u\u017cytkownikowi \u017cadnych praw dotycz\u0105cych naszych praw w\u0142asno\u015bci intelektualnej lub praw os\u00f3b trzecich.<\/p>\n<h3>6. Ograniczenie odpowiedzialno\u015bci<\/h3>\n<p><strong>6.<\/strong> 1 Witryna i Us\u0142ugi s\u0105 oferowane na zasadzie &#8222;tak jak jest&#8221; i &#8222;w miar\u0119 dost\u0119pno\u015bci&#8221;. Nie udzielamy \u017cadnych gwarancji, wyra\u017anych ani dorozumianych, dotycz\u0105cych precyzji, niezawodno\u015bci, przydatno\u015bci lub dost\u0119pno\u015bci Witryny, Us\u0142ug lub powi\u0105zanych grafik prezentowanych w Witrynie.<\/p>\n<p><strong>6.<\/strong> 2 Nie ponosimy odpowiedzialno\u015bci za jakiekolwiek straty lub szkody, w tym, bez ogranicze\u0144, po\u015brednie lub wt\u00f3rne straty lub szkody, wynikaj\u0105ce z lub zwi\u0105zane z korzystaniem z naszej Witryny lub Us\u0142ug.<\/p>\n<h3>7. Us\u0142ugi lub tre\u015bci stron trzecich<\/h3>\n<p><strong>7.<\/strong> 1 Nasze Us\u0142ugi mog\u0105 obejmowa\u0107 tre\u015bci lub us\u0142ugi dostarczane przez osoby trzecie. Nie kontrolujemy, nie popieramy ani nie bierzemy odpowiedzialno\u015bci za takie tre\u015bci lub us\u0142ugi.<\/p>\n<h3>8. Linki do zewn\u0119trznych stron internetowych<\/h3>\n<p><strong>8.<\/strong> 1 Nasza Witryna mo\u017ce zawiera\u0107 \u0142\u0105cza do witryn internetowych os\u00f3b trzecich. Linki te s\u0105 oferowane dla wygody u\u017cytkownik\u00f3w. Nie mamy kontroli i nie ponosimy odpowiedzialno\u015bci za zawarto\u015b\u0107 tych witryn lub zasob\u00f3w.<\/p>\n<h3>9. Modyfikacje niniejszych Warunk\u00f3w<\/h3>\n<p><strong>9.<\/strong> 1 Zastrzegamy sobie prawo do zmiany niniejszych Warunk\u00f3w w dowolnym momencie. Powiadomimy u\u017cytkownika o wszelkich zmianach, publikuj\u0105c zaktualizowane Warunki na tej stronie.<\/p>\n<p><strong>9.<\/strong> 2 Zaleca si\u0119 okresowe sprawdzanie niniejszych Warunk\u00f3w pod k\u0105tem wszelkich zmian. Zmiany niniejszych Warunk\u00f3w wchodz\u0105 w \u017cycie z chwil\u0105 ich opublikowania na tej stronie.<\/p>\n<h3>10. Zako\u0144czenie<\/h3>\n<p><strong>10.<\/strong> 1 Zastrzegamy sobie prawo do natychmiastowego zako\u0144czenia lub zawieszenia dost\u0119pu u\u017cytkownika do naszej Witryny i Us\u0142ug, bez uprzedniego powiadomienia lub ponoszenia odpowiedzialno\u015bci, z jakiegokolwiek powodu, w tym mi\u0119dzy innymi z powodu naruszenia niniejszych Warunk\u00f3w.<\/p>\n<h3>11. Prawo w\u0142a\u015bciwe i jurysdykcja<\/h3>\n<p><strong>11.<\/strong> 1 Niniejsze Warunki b\u0119d\u0105 interpretowane i regulowane przez prawo jurysdykcji, w kt\u00f3rej dzia\u0142a nasza firma, bez wzgl\u0119du na przepisy kolizyjne.<\/p>\n<p><strong>11.<\/strong> 2 U\u017cytkownik wyra\u017ca zgod\u0119 na wy\u0142\u0105czn\u0105 jurysdykcj\u0119 s\u0105d\u00f3w znajduj\u0105cych si\u0119 w jurysdykcji naszej firmy w celu rozstrzygania wszelkich spor\u00f3w wynikaj\u0105cych z niniejszych Warunk\u00f3w lub Witryny lub Us\u0142ug.<\/p>\n<h3>12. Informacje kontaktowe<\/h3>\n<p><strong>12.<\/strong> 1 W przypadku jakichkolwiek pyta\u0144 dotycz\u0105cych niniejszych Warunk\u00f3w, prosimy o kontakt pod adresem <a href=\"mailto:support@immediateedgeapp.org\">support@immediateedgeapp.org<\/a>.<\/p>\n","protected":false},"excerpt":{"rendered":"<p>1. Wprowadzenie 1. 1 Witamy na stronie immediateedgeapp.org (&#8222;Strona internetowa&#8221;). Wszelkie pytania mo\u017cna kierowa\u0107 na adres support@immediateedgeapp.org. 1. 2 Nasza Witryna zapewnia wgl\u0105d w r\u00f3\u017cne platformy transakcyjne (&#8222;Platformy transakcyjne&#8221;) oferowane przez strony trzecie i powi\u0105zane us\u0142ugi (&#8222;Us\u0142ugi&#8221;). 1. 3 Niniejszy Regulamin (&#8222;Regulamin&#8221;) okre\u015bla zasady korzystania przez u\u017cytkownika (&#8222;U\u017cytkownik&#8221;) z naszej Witryny i Us\u0142ug. Prosimy o<a href=\"https:\/\/oilprofit.dev\/pl\/warunki-uzytkowania\/\">Continue reading <span class=\"sr-only\">&#8222;Warunki u\u017cytkowania&#8221;<\/span><\/a><\/p>\n","protected":false},"author":12,"featured_media":0,"parent":0,"menu_order":0,"comment_status":"closed","ping_status":"closed","template":"","meta":{"footnotes":""},"class_list":["post-1634","page","type-page","status-publish","hentry"],"acf":[],"_links":{"self":[{"href":"https:\/\/oilprofit.dev\/pl\/wp-json\/wp\/v2\/pages\/1634","targetHints":{"allow":["GET"]}}],"collection":[{"href":"https:\/\/oilprofit.dev\/pl\/wp-json\/wp\/v2\/pages"}],"about":[{"href":"https:\/\/oilprofit.dev\/pl\/wp-json\/wp\/v2\/types\/page"}],"author":[{"embeddable":true,"href":"https:\/\/oilprofit.dev\/pl\/wp-json\/wp\/v2\/users\/12"}],"replies":[{"embeddable":true,"href":"https:\/\/oilprofit.dev\/pl\/wp-json\/wp\/v2\/comments?post=1634"}],"version-history":[{"count":1,"href":"https:\/\/oilprofit.dev\/pl\/wp-json\/wp\/v2\/pages\/1634\/revisions"}],"predecessor-version":[{"id":2356,"href":"https:\/\/oilprofit.dev\/pl\/wp-json\/wp\/v2\/pages\/1634\/revisions\/2356"}],"wp:attachment":[{"href":"https:\/\/oilprofit.dev\/pl\/wp-json\/wp\/v2\/media?parent=1634"}],"curies":[{"name":"wp","href":"https:\/\/api.w.org\/{rel}","templated":true}]}}