{"id":1638,"date":"2023-07-20T13:48:36","date_gmt":"2023-07-20T13:48:36","guid":{"rendered":"https:\/\/oilprofit.dev\/termos-de-utilizacao\/"},"modified":"2023-10-23T11:46:50","modified_gmt":"2023-10-23T11:46:50","slug":"termos-de-utilizacao","status":"publish","type":"page","link":"https:\/\/oilprofit.dev\/pt-br\/termos-de-utilizacao\/","title":{"rendered":"Termos de utiliza\u00e7\u00e3o"},"content":{"rendered":"<h3>1. Introdu\u00e7\u00e3o<\/h3>\n<p><strong>1.1<\/strong> Bem-vindo a immediateedgeapp.org (o &#8220;S\u00edtio Web&#8221;). Pode contactar-nos atrav\u00e9s do endere\u00e7o <a href=\"mailto:support@immediateedgeapp.org\">support@immediateedgeapp.org<\/a> para quaisquer quest\u00f5es.<\/p>\n<p><strong>1.2<\/strong> O nosso s\u00edtio Web fornece informa\u00e7\u00f5es sobre v\u00e1rias plataformas de negocia\u00e7\u00e3o (&#8220;Plataformas de Negocia\u00e7\u00e3o&#8221;) oferecidas por terceiros e servi\u00e7os relacionados (os &#8220;Servi\u00e7os&#8221;).<\/p>\n<p><strong>1.3<\/strong> Os seguintes Termos e Condi\u00e7\u00f5es (&#8220;Termos&#8221;) regem a sua utiliza\u00e7\u00e3o (&#8220;Voc\u00ea&#8221;, &#8220;Seu&#8221; ou &#8220;Utilizador&#8221;) do nosso Website e Servi\u00e7os. Leia atentamente as presentes condi\u00e7\u00f5es gerais. Ao aceder ou utilizar o nosso Website e Servi\u00e7os, o utilizador concorda com estes Termos. Se o utilizador n\u00e3o concordar com qualquer parte destes Termos, n\u00e3o deve utilizar o nosso Website e Servi\u00e7os.<\/p>\n<p><strong>1.4<\/strong> A nossa Pol\u00edtica de Privacidade \u00e9 parte integrante dos presentes Termos. A aceita\u00e7\u00e3o destas Condi\u00e7\u00f5es implica a aceita\u00e7\u00e3o e concord\u00e2ncia com a nossa <a href=\"https:\/\/oilprofit.dev\/pt-br\/politica-de-privacidade\/\">Pol\u00edtica de Privacidade<\/a>.<\/p>\n<h3>2. Elegibilidade do utilizador<\/h3>\n<p><strong>2.1<\/strong> O utilizador pode aceder ao s\u00edtio Web e aos servi\u00e7os se<\/p>\n<p><strong>2.1.1<\/strong> Ter idade igual ou superior a 18 anos;<\/p>\n<p><strong>2.1.2<\/strong> Ter o direito legal, a autoridade e a capacidade de aceitar e cumprir estes Termos;<\/p>\n<p><strong>2.1.3<\/strong> N\u00e3o est\u00e1 legalmente impedido de utilizar o nosso Website e Servi\u00e7os na sua jurisdi\u00e7\u00e3o local.<\/p>\n<h3>3. Limita\u00e7\u00f5es de acesso<\/h3>\n<p><strong>3.1<\/strong> Determinadas \u00e1reas ou utilizadores podem ter acesso limitado ao nosso Website e Servi\u00e7os se o considerarmos necess\u00e1rio por motivos relacionados com a gest\u00e3o legal, regulamentar ou de risco.<\/p>\n<p><strong>3.2<\/strong> Os utilizadores de pa\u00edses espec\u00edficos podem estar sujeitos a requisitos ou condi\u00e7\u00f5es adicionais. Se o utilizador se encontrar em qualquer um dos Territ\u00f3rios de Acesso Limitado, o nosso Website e Servi\u00e7os poder\u00e3o n\u00e3o estar acess\u00edveis ou poder\u00e3o estar bloqueados.<\/p>\n<h3>4. Ac\u00e7\u00f5es proibidas<\/h3>\n<p><strong>4.1<\/strong> Ao utilizar o nosso S\u00edtio Web e os nossos Servi\u00e7os, abster-se de ac\u00e7\u00f5es que:<\/p>\n<p><strong>4.1.1<\/strong> Infringir quaisquer direitos, incluindo direitos de propriedade intelectual, direitos de privacidade ou outros direitos;<\/p>\n<p><strong>4.1.2<\/strong> Incluir conte\u00fados nocivos, ofensivos, difamat\u00f3rios, racistas ou inadequados;<\/p>\n<p><strong>4.1.3<\/strong> Incluir software nocivo ou v\u00edrus;<\/p>\n<p><strong>4.1.4<\/strong> Infringir quaisquer leis;<\/p>\n<p><strong>4.1.5<\/strong> Interferir com a utiliza\u00e7\u00e3o do Website ou dos Servi\u00e7os por parte de outros Utilizadores.<\/p>\n<h3>5. Direitos de propriedade intelectual<\/h3>\n<p><strong>5.1<\/strong> Todo o conte\u00fado do nosso Website, como texto, gr\u00e1ficos, log\u00f3tipos e software, \u00e9 propriedade nossa ou dos nossos licenciantes e est\u00e1 protegido por leis de propriedade intelectual.<\/p>\n<p><strong>5.2<\/strong> A utiliza\u00e7\u00e3o do nosso s\u00edtio Web e dos nossos servi\u00e7os n\u00e3o concede ao utilizador quaisquer direitos relativos aos nossos direitos de propriedade intelectual ou aos de terceiros.<\/p>\n<h3>6. Limita\u00e7\u00e3o da responsabilidade<\/h3>\n<p><strong>6.1<\/strong> O S\u00edtio Web e os Servi\u00e7os s\u00e3o oferecidos &#8220;tal como est\u00e3o&#8221; e &#8220;conforme dispon\u00edveis&#8221;. N\u00e3o damos quaisquer garantias, expl\u00edcitas ou impl\u00edcitas, sobre a precis\u00e3o, fiabilidade, adequa\u00e7\u00e3o ou disponibilidade do Website, Servi\u00e7os ou gr\u00e1ficos relacionados apresentados no Website.<\/p>\n<p><strong>6.2<\/strong> N\u00e3o seremos responsabilizados por qualquer perda ou dano, incluindo, sem limita\u00e7\u00e3o, perdas ou danos indirectos ou consequentes, resultantes ou relacionados com a utiliza\u00e7\u00e3o do nosso Website ou Servi\u00e7os.<\/p>\n<h3>7. Servi\u00e7os ou conte\u00fados de terceiros<\/h3>\n<p><strong>7.1<\/strong> Os nossos Servi\u00e7os podem incluir conte\u00fados ou servi\u00e7os fornecidos por terceiros. N\u00e3o controlamos, endossamos nem nos responsabilizamos por esses conte\u00fados ou servi\u00e7os.<\/p>\n<h3>8. Liga\u00e7\u00f5es de s\u00edtios Web externos<\/h3>\n<p><strong>8.1<\/strong> O nosso s\u00edtio Web pode ter liga\u00e7\u00f5es a s\u00edtios Web de terceiros. Estas liga\u00e7\u00f5es s\u00e3o oferecidas para sua conveni\u00eancia. N\u00e3o temos qualquer controlo e n\u00e3o assumimos qualquer responsabilidade pelo conte\u00fado desses s\u00edtios Web ou recursos.<\/p>\n<h3>9. Altera\u00e7\u00f5es \u00e0s presentes condi\u00e7\u00f5es<\/h3>\n<p><strong>9.1<\/strong> Reservamo-nos o direito de alterar as presentes Condi\u00e7\u00f5es em qualquer altura. Notific\u00e1-lo-emos de quaisquer altera\u00e7\u00f5es, publicando os Termos actualizados nesta p\u00e1gina.<\/p>\n<p><strong>9.2<\/strong> Recomenda-se que o utilizador reveja periodicamente as presentes Condi\u00e7\u00f5es para detetar eventuais altera\u00e7\u00f5es. As altera\u00e7\u00f5es \u00e0s presentes Condi\u00e7\u00f5es entram em vigor ap\u00f3s a sua publica\u00e7\u00e3o nesta p\u00e1gina.<\/p>\n<h3>10. Rescis\u00e3o<\/h3>\n<p><strong>10.1<\/strong> Reservamo-nos o direito de terminar ou suspender o acesso do utilizador ao nosso Website e Servi\u00e7os imediatamente, sem aviso pr\u00e9vio ou responsabilidade, por qualquer motivo, incluindo, sem limita\u00e7\u00e3o, uma viola\u00e7\u00e3o destes Termos.<\/p>\n<h3>11. Direito aplic\u00e1vel e jurisdi\u00e7\u00e3o<\/h3>\n<p><strong>11.1<\/strong> As presentes Condi\u00e7\u00f5es ser\u00e3o interpretadas e regidas pelas leis da jurisdi\u00e7\u00e3o em que a nossa empresa exerce a sua atividade, sem ter em conta as suas disposi\u00e7\u00f5es sobre conflitos de leis.<\/p>\n<p><strong>11.2<\/strong> O utilizador concorda com a jurisdi\u00e7\u00e3o exclusiva dos tribunais localizados na jurisdi\u00e7\u00e3o da nossa empresa, para a resolu\u00e7\u00e3o de quaisquer lit\u00edgios decorrentes destes Termos ou do Website ou Servi\u00e7os.<\/p>\n<h3>12. Informa\u00e7\u00f5es de contacto<\/h3>\n<p><strong>12.1<\/strong> Se tiver alguma quest\u00e3o sobre os presentes Termos, contacte-nos atrav\u00e9s do endere\u00e7o <a href=\"mailto:support@immediateedgeapp.org\">support@immediateedgeapp.org.<\/a><\/p>\n","protected":false},"excerpt":{"rendered":"<p>1. Introdu\u00e7\u00e3o 1.1 Bem-vindo a immediateedgeapp.org (o &#8220;S\u00edtio Web&#8221;). Pode contactar-nos atrav\u00e9s do endere\u00e7o support@immediateedgeapp.org para quaisquer quest\u00f5es. 1.2 O nosso s\u00edtio Web fornece informa\u00e7\u00f5es sobre v\u00e1rias plataformas de negocia\u00e7\u00e3o (&#8220;Plataformas de Negocia\u00e7\u00e3o&#8221;) oferecidas por terceiros e servi\u00e7os relacionados (os &#8220;Servi\u00e7os&#8221;). 1.3 Os seguintes Termos e Condi\u00e7\u00f5es (&#8220;Termos&#8221;) regem a sua utiliza\u00e7\u00e3o (&#8220;Voc\u00ea&#8221;, &#8220;Seu&#8221; ou<a href=\"https:\/\/oilprofit.dev\/pt-br\/termos-de-utilizacao\/\">Continue reading <span class=\"sr-only\">&#8220;Termos de utiliza\u00e7\u00e3o&#8221;<\/span><\/a><\/p>\n","protected":false},"author":12,"featured_media":0,"parent":0,"menu_order":0,"comment_status":"closed","ping_status":"closed","template":"","meta":{"footnotes":""},"class_list":["post-1638","page","type-page","status-publish","hentry"],"acf":[],"_links":{"self":[{"href":"https:\/\/oilprofit.dev\/pt-br\/wp-json\/wp\/v2\/pages\/1638","targetHints":{"allow":["GET"]}}],"collection":[{"href":"https:\/\/oilprofit.dev\/pt-br\/wp-json\/wp\/v2\/pages"}],"about":[{"href":"https:\/\/oilprofit.dev\/pt-br\/wp-json\/wp\/v2\/types\/page"}],"author":[{"embeddable":true,"href":"https:\/\/oilprofit.dev\/pt-br\/wp-json\/wp\/v2\/users\/12"}],"replies":[{"embeddable":true,"href":"https:\/\/oilprofit.dev\/pt-br\/wp-json\/wp\/v2\/comments?post=1638"}],"version-history":[{"count":1,"href":"https:\/\/oilprofit.dev\/pt-br\/wp-json\/wp\/v2\/pages\/1638\/revisions"}],"predecessor-version":[{"id":2366,"href":"https:\/\/oilprofit.dev\/pt-br\/wp-json\/wp\/v2\/pages\/1638\/revisions\/2366"}],"wp:attachment":[{"href":"https:\/\/oilprofit.dev\/pt-br\/wp-json\/wp\/v2\/media?parent=1638"}],"curies":[{"name":"wp","href":"https:\/\/api.w.org\/{rel}","templated":true}]}}