{"id":1651,"date":"2023-07-20T13:48:36","date_gmt":"2023-07-20T13:48:36","guid":{"rendered":"https:\/\/oilprofit.dev\/podmienky-pouzivania\/"},"modified":"2023-10-23T11:46:48","modified_gmt":"2023-10-23T11:46:48","slug":"podmienky-pouzivania","status":"publish","type":"page","link":"https:\/\/oilprofit.dev\/sk\/podmienky-pouzivania\/","title":{"rendered":"Podmienky pou\u017e\u00edvania"},"content":{"rendered":"<h3>1. \u00davod<\/h3>\n<p><strong>1.1<\/strong> Vitajte na str\u00e1nke immediateedgeapp.org (&#8222;webov\u00e1 str\u00e1nka&#8220;). V pr\u00edpade ak\u00fdchko\u013evek ot\u00e1zok n\u00e1s m\u00f4\u017eete kontaktova\u0165 na <a href=\"mailto:support@immediateedgeapp.org\">adrese support@immediateedgeapp.org<\/a>.<\/p>\n<p><strong>1.2<\/strong> Na\u0161a webov\u00e1 str\u00e1nka poskytuje preh\u013ead o r\u00f4znych obchodn\u00fdch platform\u00e1ch (\u010falej len &#8222;obchodn\u00e9 platformy&#8220;) pon\u00fakan\u00fdch tret\u00edmi stranami a s\u00favisiacich slu\u017eb\u00e1ch (\u010falej len &#8222;slu\u017eby&#8220;).<\/p>\n<p><strong>1.3<\/strong> Nasleduj\u00face Podmienky pou\u017e\u00edvania (&#8222;Podmienky&#8220;) ur\u010duj\u00fa va\u0161e (&#8222;Vy&#8220;, &#8222;V\u00e1\u0161&#8220; alebo &#8222;Pou\u017e\u00edvate\u013e&#8220;) pou\u017e\u00edvanie na\u0161ej webovej lokality a slu\u017eieb. Pozorne si pre\u010d\u00edtajte tieto podmienky. Pr\u00edstupom na na\u0161e webov\u00e9 s\u00eddlo a slu\u017eby alebo ich pou\u017e\u00edvan\u00edm vyjadrujete s\u00fahlas s t\u00fdmito podmienkami. Ak nes\u00fahlas\u00edte s ktorouko\u013evek \u010das\u0165ou t\u00fdchto podmienok, nepou\u017e\u00edvajte na\u0161e webov\u00e9 s\u00eddlo a slu\u017eby.<\/p>\n<p><strong>1.4<\/strong> Na\u0161e z\u00e1sady ochrany osobn\u00fdch \u00fadajov s\u00fa neoddelite\u013enou s\u00fa\u010das\u0165ou t\u00fdchto podmienok. Prijatie t\u00fdchto podmienok znamen\u00e1, \u017ee s\u00fahlas\u00edte s na\u0161imi <a href=\"https:\/\/oilprofit.dev\/privacy-policy\/\">z\u00e1sadami ochrany osobn\u00fdch \u00fadajov<\/a>.<\/p>\n<h3>2. Opr\u00e1vnenos\u0165 pou\u017e\u00edvate\u013ea<\/h3>\n<p><strong>2.1<\/strong> Pr\u00edstup k webovej lokalite a slu\u017eb\u00e1m m\u00e1te, ak:<\/p>\n<p><strong>2.1.1<\/strong> maj\u00fa 18 rokov alebo viac;<\/p>\n<p><strong>2.1.2<\/strong> ma\u0165 z\u00e1konn\u00e9 pr\u00e1vo, opr\u00e1vnenie a schopnos\u0165 prija\u0165 a dodr\u017eiava\u0165 tieto Podmienky;<\/p>\n<p><strong>2.1.3<\/strong> Nem\u00e1te z\u00e1konn\u00fd z\u00e1kaz pou\u017e\u00edva\u0165 na\u0161u webov\u00fa lokalitu a slu\u017eby pod\u013ea va\u0161ej miestnej jurisdikcie.<\/p>\n<h3>3. Obmedzenia pr\u00edstupu<\/h3>\n<p><strong>3.1<\/strong> Ur\u010dit\u00e9 oblasti alebo pou\u017e\u00edvatelia m\u00f4\u017eu ma\u0165 obmedzen\u00fd pr\u00edstup k na\u0161ej webovej lokalite a slu\u017eb\u00e1m, ak to pova\u017eujeme za potrebn\u00e9 z d\u00f4vodov s\u00favisiacich s pr\u00e1vnymi predpismi, regul\u00e1ciou alebo riaden\u00edm riz\u00edk.<\/p>\n<p><strong>3.2<\/strong> Na pou\u017e\u00edvate\u013eov z ur\u010dit\u00fdch kraj\u00edn sa m\u00f4\u017eu vz\u0165ahova\u0165 \u010fal\u0161ie po\u017eiadavky alebo podmienky. Ak sa nach\u00e1dzate na niektorom z \u00fazem\u00ed s obmedzen\u00fdm pr\u00edstupom, na\u0161a webov\u00e1 lokalita a slu\u017eby nemusia by\u0165 pr\u00edstupn\u00e9 alebo m\u00f4\u017eu by\u0165 zablokovan\u00e9.<\/p>\n<h3>4. Zak\u00e1zan\u00e9 \u010dinnosti<\/h3>\n<p><strong>4.1<\/strong> Pri pou\u017e\u00edvan\u00ed na\u0161ej webovej lokality a slu\u017eieb sa zdr\u017ete \u010dinnost\u00ed, ktor\u00e9:<\/p>\n<p><strong>4.1<\/strong>.1 Poru\u0161ova\u0165 ak\u00e9ko\u013evek pr\u00e1va vr\u00e1tane pr\u00e1v du\u0161evn\u00e9ho vlastn\u00edctva, pr\u00e1v na ochranu s\u00fakromia alebo in\u00fdch pr\u00e1v;<\/p>\n<p><strong>4.1.2<\/strong> Obsahova\u0165 \u0161kodliv\u00fd, ur\u00e1\u017eliv\u00fd, hanliv\u00fd, rasistick\u00fd alebo nevhodn\u00fd obsah;<\/p>\n<p><strong>4.1.3<\/strong> obsahova\u0165 \u0161kodliv\u00fd softv\u00e9r alebo v\u00edrusy;<\/p>\n<p><strong>4.1.4<\/strong> Poru\u0161ova\u0165 ak\u00e9ko\u013evek z\u00e1kony;<\/p>\n<p><strong>4.1.5<\/strong> Zasahova\u0165 do pou\u017e\u00edvania Webovej str\u00e1nky alebo Slu\u017eieb in\u00fdmi Pou\u017e\u00edvate\u013emi.<\/p>\n<h3>5. Pr\u00e1va du\u0161evn\u00e9ho vlastn\u00edctva<\/h3>\n<p><strong>5.1<\/strong> V\u0161etok obsah na na\u0161ej webovej lokalite, ako napr\u00edklad text, grafika, log\u00e1 a softv\u00e9r, je na\u0161\u00edm vlastn\u00edctvom alebo patr\u00ed na\u0161im poskytovate\u013eom licenci\u00ed a je chr\u00e1nen\u00fd z\u00e1konmi o du\u0161evnom vlastn\u00edctve.<\/p>\n<p><strong>5.2<\/strong> Pou\u017e\u00edvanie na\u0161ej webovej str\u00e1nky a slu\u017eieb v\u00e1m neposkytuje \u017eiadne pr\u00e1va t\u00fdkaj\u00face sa na\u0161ich pr\u00e1v du\u0161evn\u00e9ho vlastn\u00edctva alebo pr\u00e1v tret\u00edch str\u00e1n.<\/p>\n<h3>6. Obmedzenie zodpovednosti<\/h3>\n<p><strong>6.1<\/strong> Webov\u00e1 lokalita a slu\u017eby s\u00fa pon\u00fakan\u00e9 v stave, v akom s\u00fa, a v stave, v akom s\u00fa k dispoz\u00edcii. Neposkytujeme \u017eiadne z\u00e1ruky, v\u00fdslovn\u00e9 ani implicitn\u00e9, t\u00fdkaj\u00face sa presnosti, spo\u013eahlivosti, vhodnosti alebo dostupnosti webovej lokality, slu\u017eieb alebo s\u00favisiacej grafiky uvedenej na webovej lokalite.<\/p>\n<p><strong>6.2<\/strong> Nebudeme nies\u0165 zodpovednos\u0165 za \u017eiadnu stratu alebo \u0161kodu, vr\u00e1tane, bez obmedzenia, nepriamej alebo n\u00e1slednej straty alebo \u0161kody, vypl\u00fdvaj\u00facej z pou\u017e\u00edvania na\u0161ej webovej lokality alebo slu\u017eieb alebo s nimi s\u00favisiacej.<\/p>\n<h3>7. Slu\u017eby alebo obsah tret\u00edch str\u00e1n<\/h3>\n<p><strong>7.1<\/strong> Na\u0161e slu\u017eby m\u00f4\u017eu zah\u0155\u0148a\u0165 obsah alebo slu\u017eby poskytovan\u00e9 tret\u00edmi stranami. Tak\u00fdto obsah alebo slu\u017eby nekontrolujeme, neschva\u013eujeme ani za ne nenesieme zodpovednos\u0165.<\/p>\n<h3>8. Odkazy na extern\u00e9 webov\u00e9 str\u00e1nky<\/h3>\n<p><strong>8.1<\/strong> Na\u0161a webov\u00e1 str\u00e1nka m\u00f4\u017ee obsahova\u0165 odkazy na webov\u00e9 str\u00e1nky tret\u00edch str\u00e1n. Tieto prepojenia v\u00e1m pon\u00fakame pre va\u0161e pohodlie. Nem\u00e1me kontrolu nad obsahom t\u00fdchto webov\u00fdch str\u00e1nok alebo zdrojov a nenesieme za\u0148 \u017eiadnu zodpovednos\u0165.<\/p>\n<h3>9. \u00dapravy t\u00fdchto podmienok<\/h3>\n<p><strong>9.1<\/strong> Vyhradzujeme si pr\u00e1vo kedyko\u013evek zmeni\u0165 tieto Podmienky. O v\u0161etk\u00fdch zmen\u00e1ch v\u00e1s budeme informova\u0165 uverejnen\u00edm aktualizovan\u00fdch podmienok na tejto str\u00e1nke.<\/p>\n<p><strong>9.2<\/strong> Odpor\u00fa\u010dame v\u00e1m, aby ste pravidelne kontrolovali tieto podmienky a zis\u0165ovali ich pr\u00edpadn\u00e9 zmeny. Zmeny t\u00fdchto podmienok nadob\u00fadaj\u00fa \u00fa\u010dinnos\u0165 ich zverejnen\u00edm na tejto str\u00e1nke.<\/p>\n<h3>10. Ukon\u010denie<\/h3>\n<p><strong>10.1<\/strong> Vyhradzujeme si pr\u00e1vo okam\u017eite ukon\u010di\u0165 alebo pozastavi\u0165 v\u00e1\u0161 pr\u00edstup k na\u0161ej webovej lokalite a slu\u017eb\u00e1m bez predch\u00e1dzaj\u00faceho upozornenia alebo zodpovednosti, a to z ak\u00e9hoko\u013evek d\u00f4vodu, vr\u00e1tane, ale bez obmedzenia, poru\u0161enia t\u00fdchto podmienok.<\/p>\n<h3>11. Rozhodn\u00e9 pr\u00e1vo a s\u00fadna pr\u00e1vomoc<\/h3>\n<p><strong>11.1<\/strong> Tieto podmienky sa vykladaj\u00fa a riadia z\u00e1konmi jurisdikcie, v ktorej na\u0161a spolo\u010dnos\u0165 p\u00f4sob\u00ed, bez oh\u013eadu na jej kol\u00edzne ustanovenia.<\/p>\n<p><strong>11.2<\/strong> S\u00fahlas\u00edte s v\u00fdlu\u010dnou jurisdikciou s\u00fadov v r\u00e1mci jurisdikcie na\u0161ej spolo\u010dnosti na rie\u0161enie ak\u00fdchko\u013evek sporov vypl\u00fdvaj\u00facich z t\u00fdchto Podmienok alebo Webovej str\u00e1nky alebo Slu\u017eieb.<\/p>\n<h3>12. Kontaktn\u00e9 inform\u00e1cie<\/h3>\n<p><strong>12.1<\/strong> Ak m\u00e1te ak\u00e9ko\u013evek ot\u00e1zky t\u00fdkaj\u00face sa t\u00fdchto podmienok, obr\u00e1\u0165te sa na n\u00e1s na <a href=\"mailto:support@immediateedgeapp.org\">adrese support@immediateedgeapp.org<\/a>.<\/p>\n","protected":false},"excerpt":{"rendered":"<p>1. \u00davod 1.1 Vitajte na str\u00e1nke immediateedgeapp.org (&#8222;webov\u00e1 str\u00e1nka&#8220;). V pr\u00edpade ak\u00fdchko\u013evek ot\u00e1zok n\u00e1s m\u00f4\u017eete kontaktova\u0165 na adrese support@immediateedgeapp.org. 1.2 Na\u0161a webov\u00e1 str\u00e1nka poskytuje preh\u013ead o r\u00f4znych obchodn\u00fdch platform\u00e1ch (\u010falej len &#8222;obchodn\u00e9 platformy&#8220;) pon\u00fakan\u00fdch tret\u00edmi stranami a s\u00favisiacich slu\u017eb\u00e1ch (\u010falej len &#8222;slu\u017eby&#8220;). 1.3 Nasleduj\u00face Podmienky pou\u017e\u00edvania (&#8222;Podmienky&#8220;) ur\u010duj\u00fa va\u0161e (&#8222;Vy&#8220;, &#8222;V\u00e1\u0161&#8220; alebo &#8222;Pou\u017e\u00edvate\u013e&#8220;) pou\u017e\u00edvanie na\u0161ej<a href=\"https:\/\/oilprofit.dev\/sk\/podmienky-pouzivania\/\">Continue reading <span class=\"sr-only\">&#8222;Podmienky pou\u017e\u00edvania&#8220;<\/span><\/a><\/p>\n","protected":false},"author":12,"featured_media":0,"parent":0,"menu_order":0,"comment_status":"closed","ping_status":"closed","template":"","meta":{"footnotes":""},"class_list":["post-1651","page","type-page","status-publish","hentry"],"acf":[],"_links":{"self":[{"href":"https:\/\/oilprofit.dev\/sk\/wp-json\/wp\/v2\/pages\/1651","targetHints":{"allow":["GET"]}}],"collection":[{"href":"https:\/\/oilprofit.dev\/sk\/wp-json\/wp\/v2\/pages"}],"about":[{"href":"https:\/\/oilprofit.dev\/sk\/wp-json\/wp\/v2\/types\/page"}],"author":[{"embeddable":true,"href":"https:\/\/oilprofit.dev\/sk\/wp-json\/wp\/v2\/users\/12"}],"replies":[{"embeddable":true,"href":"https:\/\/oilprofit.dev\/sk\/wp-json\/wp\/v2\/comments?post=1651"}],"version-history":[{"count":1,"href":"https:\/\/oilprofit.dev\/sk\/wp-json\/wp\/v2\/pages\/1651\/revisions"}],"predecessor-version":[{"id":2354,"href":"https:\/\/oilprofit.dev\/sk\/wp-json\/wp\/v2\/pages\/1651\/revisions\/2354"}],"wp:attachment":[{"href":"https:\/\/oilprofit.dev\/sk\/wp-json\/wp\/v2\/media?parent=1651"}],"curies":[{"name":"wp","href":"https:\/\/api.w.org\/{rel}","templated":true}]}}