{"id":1655,"date":"2023-07-20T13:48:36","date_gmt":"2023-07-20T13:48:36","guid":{"rendered":"https:\/\/oilprofit.dev\/kullanim-kosullari\/"},"modified":"2023-10-23T11:46:45","modified_gmt":"2023-10-23T11:46:45","slug":"kullanim-kosullari","status":"publish","type":"page","link":"https:\/\/oilprofit.dev\/tr\/kullanim-kosullari\/","title":{"rendered":"Kullan\u0131m Ko\u015fullar\u0131"},"content":{"rendered":"<h3>1. Giri\u015f<\/h3>\n<p><strong>1.1<\/strong> immediateedgeapp.org&#8217;a (&#8220;Web Sitesi&#8221;) ho\u015f geldiniz. Her t\u00fcrl\u00fc sorunuz i\u00e7in bize <a href=\"mailto:support@immediateedgeapp.org\">support@immediateedgeapp.org<\/a> adresinden ula\u015fabilirsiniz.<\/p>\n<p><strong>1.2<\/strong> Web Sitemiz, \u00fc\u00e7\u00fcnc\u00fc taraflarca sunulan \u00e7e\u015fitli yat\u0131r\u0131m platformlar\u0131 (&#8220;Yat\u0131r\u0131m Platformlar\u0131&#8221;) ve ilgili hizmetler (&#8220;Hizmetler&#8221;) hakk\u0131nda bilgi sa\u011flar.<\/p>\n<p><strong>1.3<\/strong> Takip eden H\u00fck\u00fcm ve Ko\u015fullar (&#8220;Ko\u015fullar&#8221;), Web Sitemizi ve Hizmetlerimizi kullan\u0131m\u0131n\u0131z\u0131 (&#8220;Siz&#8221;, &#8220;Sizin&#8221; veya &#8220;Kullan\u0131c\u0131&#8221;) belirler. L\u00fctfen bu \u015eartlar\u0131 dikkatlice inceleyin. Web Sitemize ve Hizmetlerimize eri\u015ferek veya bunlar\u0131 kullanarak, bu \u015eartlar\u0131 kabul etmi\u015f olursunuz. Bu \u015eartlar\u0131n herhangi bir b\u00f6l\u00fcm\u00fcn\u00fc kabul etmiyorsan\u0131z, l\u00fctfen Web Sitemizi ve Hizmetlerimizi kullanmay\u0131n.<\/p>\n<p><strong>1.4<\/strong> Gizlilik Politikam\u0131z bu \u015eartlar\u0131n ayr\u0131lmaz bir par\u00e7as\u0131d\u0131r. Bu \u015eartlar\u0131 kabul etmeniz, <a href=\"https:\/\/oilprofit.dev\/privacy-policy\/\">Gizlilik Politikam\u0131z\u0131<\/a> kabul etti\u011finiz ve onaylad\u0131\u011f\u0131n\u0131z anlam\u0131na gelir.<\/p>\n<h3>2. Kullan\u0131c\u0131 Uygunlu\u011fu<\/h3>\n<p><strong>2.1<\/strong> A\u015fa\u011f\u0131daki durumlarda Web Sitesine ve Hizmetlere eri\u015febilirsiniz:<\/p>\n<p><strong>2.1.1<\/strong> 18 ya\u015f\u0131nda veya daha b\u00fcy\u00fck olmak;<\/p>\n<p><strong>2.1.2<\/strong> Bu \u015eartlar\u0131 kabul etmek ve bunlara uymak i\u00e7in yasal hak, yetki ve yetene\u011fe sahip olmak;<\/p>\n<p><strong>2.1.3<\/strong> Yerel yarg\u0131 yetkiniz alt\u0131nda Web Sitemizi ve Hizmetlerimizi kullanman\u0131z yasal olarak yasaklanmam\u0131\u015ft\u0131r.<\/p>\n<h3>3. Eri\u015fim S\u0131n\u0131rlamalar\u0131<\/h3>\n<p><strong>3.1<\/strong> Yasal, d\u00fczenleyici veya risk y\u00f6netimi ile ilgili nedenlerle gerekli g\u00f6rmemiz halinde, belirli alanlar\u0131n veya kullan\u0131c\u0131lar\u0131n Web Sitemize ve Hizmetlerimize s\u0131n\u0131rl\u0131 eri\u015fimi olabilir.<\/p>\n<p><strong>3.2<\/strong> Belirli \u00fclkelerden gelen kullan\u0131c\u0131lar ek gerekliliklere veya ko\u015fullara tabi olabilir. S\u0131n\u0131rl\u0131 Eri\u015fim B\u00f6lgelerinden herhangi birindeyseniz, Web Sitemize ve Hizmetlerimize eri\u015filemeyebilir veya engellenmi\u015f olabilir.<\/p>\n<h3>4. Yasak Eylemler<\/h3>\n<p><strong>4.1<\/strong> Web Sitemizi ve Hizmetlerimizi kullan\u0131rken, a\u015fa\u011f\u0131daki eylemlerden ka\u00e7\u0131n\u0131n:<\/p>\n<p><strong>4.1.1<\/strong> Fikri m\u00fclkiyet haklar\u0131, gizlilik haklar\u0131 veya di\u011fer haklar dahil olmak \u00fczere herhangi bir hakk\u0131 ihlal etmek;<\/p>\n<p><strong>4.1.2<\/strong> Zararl\u0131, sald\u0131rgan, karalay\u0131c\u0131, \u0131rk\u00e7\u0131 veya uygun olmayan i\u00e7erik;<\/p>\n<p><strong>4.1.3<\/strong> Zararl\u0131 yaz\u0131l\u0131mlar veya vir\u00fcsler i\u00e7ermesi;<\/p>\n<p><strong>4.1.4<\/strong> Herhangi bir yasay\u0131 \u00e7i\u011fnemek;<\/p>\n<p><strong>4.1.5<\/strong> Di\u011fer Kullan\u0131c\u0131lar\u0131n Web Sitesini veya Hizmetleri kullan\u0131m\u0131na m\u00fcdahale etmek.<\/p>\n<h3>5. Fikri M\u00fclkiyet Haklar\u0131<\/h3>\n<p><strong>5.1<\/strong> Web sitemizdeki metin, grafik, logo ve yaz\u0131l\u0131m gibi t\u00fcm i\u00e7erik bizim m\u00fclkiyetimizdedir veya lisans verenlerimize aittir ve fikri m\u00fclkiyet yasalar\u0131 taraf\u0131ndan korunmaktad\u0131r.<\/p>\n<p><strong>5.2<\/strong> Web Sitemizin ve Hizmetlerimizin kullan\u0131m\u0131 size bizim veya \u00fc\u00e7\u00fcnc\u00fc taraflar\u0131n fikri m\u00fclkiyet haklar\u0131na ili\u015fkin herhangi bir hak vermez.<\/p>\n<h3>6. Sorumluluk S\u0131n\u0131rlamas\u0131<\/h3>\n<p><strong>6.1<\/strong> Web Sitesi ve Hizmetler &#8220;oldu\u011fu gibi&#8221; ve &#8220;mevcut oldu\u011fu \u015fekilde&#8221; sunulmaktad\u0131r. Web Sitesinin, Hizmetlerin veya Web Sitesinde yer alan ilgili grafiklerin kesinli\u011fi, g\u00fcvenilirli\u011fi, uygunlu\u011fu veya kullan\u0131labilirli\u011fi hakk\u0131nda a\u00e7\u0131k veya z\u0131mni herhangi bir garanti vermiyoruz.<\/p>\n<p><strong>6.2<\/strong> Web Sitemizin veya Hizmetlerimizin kullan\u0131m\u0131ndan kaynaklanan veya bunlarla ilgili olan dolayl\u0131 veya sonu\u00e7 olarak ortaya \u00e7\u0131kan kay\u0131p veya hasarlar dahil ancak bunlarla s\u0131n\u0131rl\u0131 olmamak \u00fczere hi\u00e7bir kay\u0131p veya hasardan sorumlu tutulmayaca\u011f\u0131z.<\/p>\n<h3>7. \u00dc\u00e7\u00fcnc\u00fc Taraf Hizmetleri veya \u0130\u00e7eri\u011fi<\/h3>\n<p><strong>7.1<\/strong> Hizmetlerimiz \u00fc\u00e7\u00fcnc\u00fc taraflarca sunulan i\u00e7erik veya hizmetleri kapsayabilir. Bu t\u00fcr i\u00e7erik veya hizmetleri kontrol etmiyor, onaylam\u0131yor veya sorumluluk alm\u0131yoruz.<\/p>\n<h3>8. Harici Web Sitesi Ba\u011flant\u0131lar\u0131<\/h3>\n<p><strong>8.1<\/strong> Web Sitemiz \u00fc\u00e7\u00fcnc\u00fc taraf web sitelerine ba\u011flant\u0131lar i\u00e7erebilir. Bu ba\u011flant\u0131lar size kolayl\u0131k sa\u011flamak i\u00e7in sunulmaktad\u0131r. Bu web sitelerinin veya kaynaklar\u0131n i\u00e7eri\u011fi \u00fczerinde hi\u00e7bir kontrol\u00fcm\u00fcz yoktur ve sorumluluk kabul etmiyoruz.<\/p>\n<h3>9. Bu \u015eartlarda Yap\u0131lan De\u011fi\u015fiklikler<\/h3>\n<p><strong>9.1<\/strong> Bu Ko\u015fullar\u0131 diledi\u011fimiz zaman de\u011fi\u015ftirme hakk\u0131m\u0131z sakl\u0131d\u0131r. G\u00fcncellenen \u015eartlar\u0131 bu sayfada yay\u0131nlayarak de\u011fi\u015fiklikleri size bildirece\u011fiz.<\/p>\n<p><strong>9.2<\/strong> Herhangi bir de\u011fi\u015fiklik i\u00e7in bu Ko\u015fullar\u0131 periyodik olarak g\u00f6zden ge\u00e7irmeniz \u00f6nerilir. Bu Ko\u015fullarda yap\u0131lan de\u011fi\u015fiklikler, bu sayfada yay\u0131nland\u0131ktan sonra y\u00fcr\u00fcrl\u00fc\u011fe girer.<\/p>\n<h3>10. Fesih<\/h3>\n<p><strong>10.1<\/strong> Web Sitemize ve Hizmetlerimize eri\u015fiminizi, bu Ko\u015fullar\u0131n ihlali de dahil ancak bununla s\u0131n\u0131rl\u0131 olmamak \u00fczere herhangi bir nedenle, \u00f6nceden bildirimde bulunmaks\u0131z\u0131n veya y\u00fck\u00fcml\u00fcl\u00fck alt\u0131na girmeksizin derhal sonland\u0131rma veya ask\u0131ya alma hakk\u0131m\u0131z\u0131 sakl\u0131 tutar\u0131z.<\/p>\n<h3>11. Ge\u00e7erli Hukuk ve Yarg\u0131 Yetkisi<\/h3>\n<p><strong>11.1<\/strong> Bu \u015eartlar, kanunlar ihtilaf\u0131 h\u00fck\u00fcmlerine bak\u0131lmaks\u0131z\u0131n \u015firketimizin faaliyet g\u00f6sterdi\u011fi yarg\u0131 alan\u0131n\u0131n kanunlar\u0131na g\u00f6re yorumlanacak ve y\u00f6netilecektir.<\/p>\n<p><strong>11.2<\/strong> Bu \u015eartlar veya Web Sitesi veya Hizmetlerden kaynaklanan her t\u00fcrl\u00fc ihtilaf\u0131n \u00e7\u00f6z\u00fcm\u00fc i\u00e7in \u015firketimizin yarg\u0131 yetkisi dahilinde bulunan mahkemelerin m\u00fcnhas\u0131r yarg\u0131 yetkisine r\u0131za g\u00f6sterirsiniz.<\/p>\n<h3>12. \u0130leti\u015fim Bilgileri<\/h3>\n<p><strong>12.1<\/strong> Bu Ko\u015fullar hakk\u0131nda herhangi bir sorunuz varsa, l\u00fctfen <a href=\"mailto:support@immediateedgeapp.org\">support@immediateedgeapp.org<\/a> adresinden bize ula\u015f\u0131n.<\/p>\n","protected":false},"excerpt":{"rendered":"<p>1. Giri\u015f 1.1 immediateedgeapp.org&#8217;a (&#8220;Web Sitesi&#8221;) ho\u015f geldiniz. Her t\u00fcrl\u00fc sorunuz i\u00e7in bize support@immediateedgeapp.org adresinden ula\u015fabilirsiniz. 1.2 Web Sitemiz, \u00fc\u00e7\u00fcnc\u00fc taraflarca sunulan \u00e7e\u015fitli yat\u0131r\u0131m platformlar\u0131 (&#8220;Yat\u0131r\u0131m Platformlar\u0131&#8221;) ve ilgili hizmetler (&#8220;Hizmetler&#8221;) hakk\u0131nda bilgi sa\u011flar. 1.3 Takip eden H\u00fck\u00fcm ve Ko\u015fullar (&#8220;Ko\u015fullar&#8221;), Web Sitemizi ve Hizmetlerimizi kullan\u0131m\u0131n\u0131z\u0131 (&#8220;Siz&#8221;, &#8220;Sizin&#8221; veya &#8220;Kullan\u0131c\u0131&#8221;) belirler. L\u00fctfen bu \u015eartlar\u0131 dikkatlice<a href=\"https:\/\/oilprofit.dev\/tr\/kullanim-kosullari\/\">Continue reading <span class=\"sr-only\">&#8220;Kullan\u0131m Ko\u015fullar\u0131&#8221;<\/span><\/a><\/p>\n","protected":false},"author":12,"featured_media":0,"parent":0,"menu_order":0,"comment_status":"closed","ping_status":"closed","template":"","meta":{"footnotes":""},"class_list":["post-1655","page","type-page","status-publish","hentry"],"acf":[],"_links":{"self":[{"href":"https:\/\/oilprofit.dev\/tr\/wp-json\/wp\/v2\/pages\/1655","targetHints":{"allow":["GET"]}}],"collection":[{"href":"https:\/\/oilprofit.dev\/tr\/wp-json\/wp\/v2\/pages"}],"about":[{"href":"https:\/\/oilprofit.dev\/tr\/wp-json\/wp\/v2\/types\/page"}],"author":[{"embeddable":true,"href":"https:\/\/oilprofit.dev\/tr\/wp-json\/wp\/v2\/users\/12"}],"replies":[{"embeddable":true,"href":"https:\/\/oilprofit.dev\/tr\/wp-json\/wp\/v2\/comments?post=1655"}],"version-history":[{"count":1,"href":"https:\/\/oilprofit.dev\/tr\/wp-json\/wp\/v2\/pages\/1655\/revisions"}],"predecessor-version":[{"id":2347,"href":"https:\/\/oilprofit.dev\/tr\/wp-json\/wp\/v2\/pages\/1655\/revisions\/2347"}],"wp:attachment":[{"href":"https:\/\/oilprofit.dev\/tr\/wp-json\/wp\/v2\/media?parent=1655"}],"curies":[{"name":"wp","href":"https:\/\/api.w.org\/{rel}","templated":true}]}}